{"id":662,"date":"2025-08-21T21:58:03","date_gmt":"2025-08-21T21:58:03","guid":{"rendered":"https:\/\/propfirmpassnow.com\/?page_id=662"},"modified":"2026-02-03T18:29:40","modified_gmt":"2026-02-03T18:29:40","slug":"odricanje-od-odgovornosti","status":"publish","type":"page","link":"https:\/\/propfirmpassnow.com\/bs\/disclaimer\/","title":{"rendered":"Odricanje odgovornosti"},"content":{"rendered":"<div data-elementor-type=\"wp-page\" data-elementor-id=\"662\" class=\"elementor elementor-662\">\n\t\t\t\t<div class=\"elementor-element elementor-element-cf1199c e-flex e-con-boxed e-con e-parent\" data-id=\"cf1199c\" data-element_type=\"container\" data-settings=\"{&quot;background_background&quot;:&quot;classic&quot;}\">\n\t\t\t\t\t<div class=\"e-con-inner\">\n\t\t\t\t<div class=\"elementor-element elementor-element-04ddb3b elementor-widget elementor-widget-heading\" data-id=\"04ddb3b\" data-element_type=\"widget\" data-widget_type=\"heading.default\">\n\t\t\t\t<div class=\"elementor-widget-container\">\n\t\t\t\t\t<h1 class=\"elementor-heading-title elementor-size-default\">Odricanje odgovornosti<\/h1>\t\t\t\t<\/div>\n\t\t\t\t<\/div>\n\t\t\t\t\t<\/div>\n\t\t\t\t<\/div>\n\t\t<div class=\"elementor-element elementor-element-5db3bb2 e-flex e-con-boxed e-con e-parent\" data-id=\"5db3bb2\" data-element_type=\"container\">\n\t\t\t\t\t<div class=\"e-con-inner\">\n\t\t\t\t<div class=\"elementor-element elementor-element-af72a8c elementor-widget elementor-widget-text-editor\" data-id=\"af72a8c\" data-element_type=\"widget\" data-widget_type=\"text-editor.default\">\n\t\t\t\t<div class=\"elementor-widget-container\">\n\t\t\t\t\t\t\t\t\t<p>Ova web stranica i usluge koje pru\u017ea PropFirmPassNow nude informacije, sadr\u017eaj i materijale isklju\u010divo u informativne svrhe i ne treba ih tuma\u010diti kao finansijski savjet ili ponudu finansijskih usluga. PropFirmPassNow nije licencirani finansijski savjetnik i ne pru\u017ea finansijske usluge. Svako oslanjanje na informacije sa PropFirmPassNow je na vlastiti rizik. Preporu\u010dujemo da se konsultujete sa profesionalnim finansijskim savjetnikom prije dono\u0161enja bilo kakvih finansijskih odluka. PropFirmPassNow ne prihvata odgovornost za bilo kakav gubitak ili \u0161tetu nastalu kori\u0161tenjem na\u0161e web stranice ili usluga.<br \/>Klju\u010dno je shvatiti da trgovanje devizama na margini nosi visok nivo rizika i mo\u017eda nije prikladno za sve investitore. Kori\u0161tenje leverid\u017ea mo\u017ee i koristiti i negativno uticati na va\u0161a ulaganja. Prije ulaganja u devize, pa\u017eljivo procijenite svoje investicione ciljeve, nivo iskustva i toleranciju na rizik. Nijedna od usluga ili informacija od PropFirmPassNow ne treba smatrati finansijskim savjetom.<br \/>Osim toga, PropFirmPassNow nije povezan ni sa jednom vlasni\u010dkom trgova\u010dkom firmom spomenutom ili predstavljenom na ovoj web stranici, niti ga podr\u017eava.<\/p>\t\t\t\t\t\t\t\t<\/div>\n\t\t\t\t<\/div>\n\t\t\t\t\t<\/div>\n\t\t\t\t<\/div>\n\t\t\t\t<\/div>","protected":false},"excerpt":{"rendered":"<p>Disclaimer This website and the services provided by PropFirmPassNow offer information, content, and materials solely for informational purposes and should [&hellip;]<\/p>\n","protected":false},"author":1,"featured_media":0,"parent":0,"menu_order":0,"comment_status":"closed","ping_status":"closed","template":"","meta":{"om_disable_all_campaigns":false,"_monsterinsights_skip_tracking":false,"_monsterinsights_sitenote_active":false,"_monsterinsights_sitenote_note":"","_monsterinsights_sitenote_category":0,"site-sidebar-layout":"no-sidebar","site-content-layout":"","ast-site-content-layout":"full-width-container","site-content-style":"default","site-sidebar-style":"default","ast-global-header-display":"","ast-banner-title-visibility":"","ast-main-header-display":"","ast-hfb-above-header-display":"","ast-hfb-below-header-display":"","ast-hfb-mobile-header-display":"","site-post-title":"","ast-breadcrumbs-content":"","ast-featured-img":"disabled","footer-sml-layout":"","theme-transparent-header-meta":"","adv-header-id-meta":"","stick-header-meta":"","header-above-stick-meta":"","header-main-stick-meta":"","header-below-stick-meta":"","astra-migrate-meta-layouts":"default","ast-page-background-enabled":"default","ast-page-background-meta":{"desktop":{"background-color":"var(--ast-global-color-5)","background-image":"","background-repeat":"repeat","background-position":"center center","background-size":"auto","background-attachment":"scroll","background-type":"","background-media":"","overlay-type":"","overlay-color":"","overlay-opacity":"","overlay-gradient":""},"tablet":{"background-color":"","background-image":"","background-repeat":"repeat","background-position":"center center","background-size":"auto","background-attachment":"scroll","background-type":"","background-media":"","overlay-type":"","overlay-color":"","overlay-opacity":"","overlay-gradient":""},"mobile":{"background-color":"","background-image":"","background-repeat":"repeat","background-position":"center center","background-size":"auto","background-attachment":"scroll","background-type":"","background-media":"","overlay-type":"","overlay-color":"","overlay-opacity":"","overlay-gradient":""}},"ast-content-background-meta":{"desktop":{"background-color":"var(--ast-global-color-4)","background-image":"","background-repeat":"repeat","background-position":"center center","background-size":"auto","background-attachment":"scroll","background-type":"","background-media":"","overlay-type":"","overlay-color":"","overlay-opacity":"","overlay-gradient":""},"tablet":{"background-color":"var(--ast-global-color-4)","background-image":"","background-repeat":"repeat","background-position":"center center","background-size":"auto","background-attachment":"scroll","background-type":"","background-media":"","overlay-type":"","overlay-color":"","overlay-opacity":"","overlay-gradient":""},"mobile":{"background-color":"var(--ast-global-color-4)","background-image":"","background-repeat":"repeat","background-position":"center center","background-size":"auto","background-attachment":"scroll","background-type":"","background-media":"","overlay-type":"","overlay-color":"","overlay-opacity":"","overlay-gradient":""}},"_glsr_average":0,"_glsr_ranking":0,"_glsr_reviews":0,"footnotes":""},"class_list":["post-662","page","type-page","status-publish","hentry"],"_links":{"self":[{"href":"https:\/\/propfirmpassnow.com\/bs\/wp-json\/wp\/v2\/pages\/662","targetHints":{"allow":["GET"]}}],"collection":[{"href":"https:\/\/propfirmpassnow.com\/bs\/wp-json\/wp\/v2\/pages"}],"about":[{"href":"https:\/\/propfirmpassnow.com\/bs\/wp-json\/wp\/v2\/types\/page"}],"author":[{"embeddable":true,"href":"https:\/\/propfirmpassnow.com\/bs\/wp-json\/wp\/v2\/users\/1"}],"replies":[{"embeddable":true,"href":"https:\/\/propfirmpassnow.com\/bs\/wp-json\/wp\/v2\/comments?post=662"}],"version-history":[{"count":10,"href":"https:\/\/propfirmpassnow.com\/bs\/wp-json\/wp\/v2\/pages\/662\/revisions"}],"predecessor-version":[{"id":965,"href":"https:\/\/propfirmpassnow.com\/bs\/wp-json\/wp\/v2\/pages\/662\/revisions\/965"}],"wp:attachment":[{"href":"https:\/\/propfirmpassnow.com\/bs\/wp-json\/wp\/v2\/media?parent=662"}],"curies":[{"name":"radni list","href":"https:\/\/api.w.org\/{rel}","templated":true}]}}