{"id":669,"date":"2025-08-21T22:08:14","date_gmt":"2025-08-21T22:08:14","guid":{"rendered":"https:\/\/propfirmpassnow.com\/?page_id=669"},"modified":"2026-02-28T17:46:28","modified_gmt":"2026-02-28T17:46:28","slug":"politika-povrata-novca","status":"publish","type":"page","link":"https:\/\/propfirmpassnow.com\/bs\/refund-policy\/","title":{"rendered":"Pravila povrata novca"},"content":{"rendered":"<div data-elementor-type=\"wp-page\" data-elementor-id=\"669\" class=\"elementor elementor-669\">\n\t\t\t\t<div class=\"elementor-element elementor-element-4cf607c e-flex e-con-boxed e-con e-parent\" data-id=\"4cf607c\" data-element_type=\"container\" data-settings=\"{&quot;background_background&quot;:&quot;classic&quot;}\">\n\t\t\t\t\t<div class=\"e-con-inner\">\n\t\t\t\t<div class=\"elementor-element elementor-element-00992e9 elementor-widget elementor-widget-heading\" data-id=\"00992e9\" data-element_type=\"widget\" data-widget_type=\"heading.default\">\n\t\t\t\t<div class=\"elementor-widget-container\">\n\t\t\t\t\t<h1 class=\"elementor-heading-title elementor-size-default\">Pravila povrata novca<\/h1>\t\t\t\t<\/div>\n\t\t\t\t<\/div>\n\t\t\t\t\t<\/div>\n\t\t\t\t<\/div>\n\t\t<div class=\"elementor-element elementor-element-04f876e e-flex e-con-boxed e-con e-parent\" data-id=\"04f876e\" data-element_type=\"container\">\n\t\t\t\t\t<div class=\"e-con-inner\">\n\t\t\t\t<div class=\"elementor-element elementor-element-044690e elementor-widget elementor-widget-text-editor\" data-id=\"044690e\" data-element_type=\"widget\" data-widget_type=\"text-editor.default\">\n\t\t\t\t<div class=\"elementor-widget-container\">\n\t\t\t\t\t\t\t\t\t<p>PropFirmPassNow je izgradio sna\u017enu reputaciju pru\u017eanja izvanrednih usluga i posve\u0107eni smo osiguravanju potpunog zadovoljstva kupaca. U rijetkim slu\u010dajevima bilo kakvog nesporazuma ili neuspje\u0161nog rje\u0161avanja izazova, PropFirmPassNow obezbje\u0111uje puni povrat novca na\u0161im cijenjenim klijentima. Vrijedno je napomenuti da smo nedavno primili samo dva zahtjeva za povrat novca, \u0161to isti\u010de izuzetan kvalitet na\u0161ih usluga.<br \/>Osim toga, PropFirmPassNow nudi besplatno ponovno polaganje ispita za klijente kojima su potrebni dodatni poku\u0161aji da uspje\u0161no polo\u017ee svoje izazove. Tako\u0111er cijenimo na\u0161e stalne klijente i nudimo im velikodu\u0161an popust, uz mogu\u0107nost pla\u0107anja naknada za izazov u dvije jednostavne rate.<br \/>Nadalje, nakon uspje\u0161nog zavr\u0161etka va\u0161eg izazova s PropFirmPassNow, nudimo opcionalnu uslugu trgovanja ra\u010dunom koja funkcionira na osnovi podjele profita, bez potrebnih po\u010detnih naknada. Samo osobe koje su uspje\u0161no pro\u0161le svoje izazove s PropFirmPassNow du\u017ene su platiti naknade za izazov.<\/p>\t\t\t\t\t\t\t\t<\/div>\n\t\t\t\t<\/div>\n\t\t\t\t\t<\/div>\n\t\t\t\t<\/div>\n\t\t\t\t<\/div>","protected":false},"excerpt":{"rendered":"<p>Refund Policy PropFirmPassNow has built a strong reputation for delivering outstanding services, and we are dedicated to ensuring complete customer [&hellip;]<\/p>\n","protected":false},"author":1,"featured_media":0,"parent":0,"menu_order":0,"comment_status":"closed","ping_status":"closed","template":"","meta":{"om_disable_all_campaigns":false,"_monsterinsights_skip_tracking":false,"_monsterinsights_sitenote_active":false,"_monsterinsights_sitenote_note":"","_monsterinsights_sitenote_category":0,"site-sidebar-layout":"no-sidebar","site-content-layout":"","ast-site-content-layout":"full-width-container","site-content-style":"default","site-sidebar-style":"default","ast-global-header-display":"","ast-banner-title-visibility":"","ast-main-header-display":"","ast-hfb-above-header-display":"","ast-hfb-below-header-display":"","ast-hfb-mobile-header-display":"","site-post-title":"","ast-breadcrumbs-content":"","ast-featured-img":"disabled","footer-sml-layout":"","theme-transparent-header-meta":"","adv-header-id-meta":"","stick-header-meta":"","header-above-stick-meta":"","header-main-stick-meta":"","header-below-stick-meta":"","astra-migrate-meta-layouts":"default","ast-page-background-enabled":"default","ast-page-background-meta":{"desktop":{"background-color":"var(--ast-global-color-5)","background-image":"","background-repeat":"repeat","background-position":"center center","background-size":"auto","background-attachment":"scroll","background-type":"","background-media":"","overlay-type":"","overlay-color":"","overlay-opacity":"","overlay-gradient":""},"tablet":{"background-color":"","background-image":"","background-repeat":"repeat","background-position":"center center","background-size":"auto","background-attachment":"scroll","background-type":"","background-media":"","overlay-type":"","overlay-color":"","overlay-opacity":"","overlay-gradient":""},"mobile":{"background-color":"","background-image":"","background-repeat":"repeat","background-position":"center center","background-size":"auto","background-attachment":"scroll","background-type":"","background-media":"","overlay-type":"","overlay-color":"","overlay-opacity":"","overlay-gradient":""}},"ast-content-background-meta":{"desktop":{"background-color":"var(--ast-global-color-4)","background-image":"","background-repeat":"repeat","background-position":"center center","background-size":"auto","background-attachment":"scroll","background-type":"","background-media":"","overlay-type":"","overlay-color":"","overlay-opacity":"","overlay-gradient":""},"tablet":{"background-color":"var(--ast-global-color-4)","background-image":"","background-repeat":"repeat","background-position":"center center","background-size":"auto","background-attachment":"scroll","background-type":"","background-media":"","overlay-type":"","overlay-color":"","overlay-opacity":"","overlay-gradient":""},"mobile":{"background-color":"var(--ast-global-color-4)","background-image":"","background-repeat":"repeat","background-position":"center center","background-size":"auto","background-attachment":"scroll","background-type":"","background-media":"","overlay-type":"","overlay-color":"","overlay-opacity":"","overlay-gradient":""}},"_glsr_average":0,"_glsr_ranking":0,"_glsr_reviews":0,"footnotes":""},"class_list":["post-669","page","type-page","status-publish","hentry"],"_links":{"self":[{"href":"https:\/\/propfirmpassnow.com\/bs\/wp-json\/wp\/v2\/pages\/669","targetHints":{"allow":["GET"]}}],"collection":[{"href":"https:\/\/propfirmpassnow.com\/bs\/wp-json\/wp\/v2\/pages"}],"about":[{"href":"https:\/\/propfirmpassnow.com\/bs\/wp-json\/wp\/v2\/types\/page"}],"author":[{"embeddable":true,"href":"https:\/\/propfirmpassnow.com\/bs\/wp-json\/wp\/v2\/users\/1"}],"replies":[{"embeddable":true,"href":"https:\/\/propfirmpassnow.com\/bs\/wp-json\/wp\/v2\/comments?post=669"}],"version-history":[{"count":10,"href":"https:\/\/propfirmpassnow.com\/bs\/wp-json\/wp\/v2\/pages\/669\/revisions"}],"predecessor-version":[{"id":972,"href":"https:\/\/propfirmpassnow.com\/bs\/wp-json\/wp\/v2\/pages\/669\/revisions\/972"}],"wp:attachment":[{"href":"https:\/\/propfirmpassnow.com\/bs\/wp-json\/wp\/v2\/media?parent=669"}],"curies":[{"name":"radni list","href":"https:\/\/api.w.org\/{rel}","templated":true}]}}