{"id":662,"date":"2025-08-21T21:58:03","date_gmt":"2025-08-21T21:58:03","guid":{"rendered":"https:\/\/propfirmpassnow.com\/?page_id=662"},"modified":"2026-02-03T18:29:40","modified_gmt":"2026-02-03T18:29:40","slug":"zreknuti-se-odpovednosti","status":"publish","type":"page","link":"https:\/\/propfirmpassnow.com\/cs\/disclaimer\/","title":{"rendered":"Odm\u00edtnut\u00ed odpov\u011bdnosti"},"content":{"rendered":"<div data-elementor-type=\"wp-page\" data-elementor-id=\"662\" class=\"elementor elementor-662\">\n\t\t\t\t<div class=\"elementor-element elementor-element-cf1199c e-flex e-con-boxed e-con e-parent\" data-id=\"cf1199c\" data-element_type=\"container\" data-settings=\"{&quot;background_background&quot;:&quot;classic&quot;}\">\n\t\t\t\t\t<div class=\"e-con-inner\">\n\t\t\t\t<div class=\"elementor-element elementor-element-04ddb3b elementor-widget elementor-widget-heading\" data-id=\"04ddb3b\" data-element_type=\"widget\" data-widget_type=\"heading.default\">\n\t\t\t\t<div class=\"elementor-widget-container\">\n\t\t\t\t\t<h1 class=\"elementor-heading-title elementor-size-default\">Odm\u00edtnut\u00ed odpov\u011bdnosti<\/h1>\t\t\t\t<\/div>\n\t\t\t\t<\/div>\n\t\t\t\t\t<\/div>\n\t\t\t\t<\/div>\n\t\t<div class=\"elementor-element elementor-element-5db3bb2 e-flex e-con-boxed e-con e-parent\" data-id=\"5db3bb2\" data-element_type=\"container\">\n\t\t\t\t\t<div class=\"e-con-inner\">\n\t\t\t\t<div class=\"elementor-element elementor-element-af72a8c elementor-widget elementor-widget-text-editor\" data-id=\"af72a8c\" data-element_type=\"widget\" data-widget_type=\"text-editor.default\">\n\t\t\t\t<div class=\"elementor-widget-container\">\n\t\t\t\t\t\t\t\t\t<p>Tyto webov\u00e9 str\u00e1nky a slu\u017eby poskytovan\u00e9 spole\u010dnost\u00ed PropFirmPassNow nab\u00edzej\u00ed informace, obsah a materi\u00e1ly v\u00fdhradn\u011b pro informa\u010dn\u00ed \u00fa\u010dely a nem\u011bly by b\u00fdt vykl\u00e1d\u00e1ny jako finan\u010dn\u00ed poradenstv\u00ed nebo nab\u00eddka finan\u010dn\u00edch slu\u017eeb. PropFirmPassNow nen\u00ed licencovan\u00fdm finan\u010dn\u00edm poradcem a neposkytuje finan\u010dn\u00ed slu\u017eby. Jak\u00e9koli spol\u00e9h\u00e1n\u00ed se na informace od PropFirmPassNow se d\u011bje na va\u0161e vlastn\u00ed riziko. D\u016frazn\u011b doporu\u010dujeme konzultaci s profesion\u00e1ln\u00edm finan\u010dn\u00edm poradcem p\u0159ed p\u0159ijet\u00edm jak\u00e9hokoli finan\u010dn\u00edho rozhodnut\u00ed. PropFirmPassNow nep\u0159eb\u00edr\u00e1 odpov\u011bdnost za jak\u00e9koli ztr\u00e1ty nebo \u0161kody vypl\u00fdvaj\u00edc\u00ed z pou\u017e\u00edv\u00e1n\u00ed na\u0161ich webov\u00fdch str\u00e1nek nebo slu\u017eeb.<br \/>Je d\u016fle\u017eit\u00e9 si uv\u011bdomit, \u017ee obchodov\u00e1n\u00ed s ciz\u00edmi m\u011bnami na mar\u017ei s sebou nese vysokou m\u00edru rizika a nemus\u00ed b\u00fdt vhodn\u00e9 pro v\u0161echny investory. Pou\u017eit\u00ed p\u00e1kov\u00e9ho efektu m\u016f\u017ee m\u00edt na va\u0161e investice jak pozitivn\u00ed, tak negativn\u00ed dopad. P\u0159ed investov\u00e1n\u00edm do ciz\u00edch m\u011bn pe\u010dliv\u011b zhodno\u0165te sv\u00e9 investi\u010dn\u00ed c\u00edle, \u00farove\u0148 zku\u0161enost\u00ed a toleranci k riziku. \u017d\u00e1dn\u00e1 ze slu\u017eeb ani informac\u00ed od PropFirmPassNow by nem\u011bla b\u00fdt pova\u017eov\u00e1na za finan\u010dn\u00ed poradenstv\u00ed.<br \/>Krom\u011b toho PropFirmPassNow nen\u00ed spojena s \u017e\u00e1dnou propriet\u00e1rn\u00ed obchodn\u00ed firmou, kter\u00e1 je zm\u00edn\u011bna nebo uvedena na t\u011bchto webov\u00fdch str\u00e1nk\u00e1ch, ani ji nepodporuje.<\/p>\t\t\t\t\t\t\t\t<\/div>\n\t\t\t\t<\/div>\n\t\t\t\t\t<\/div>\n\t\t\t\t<\/div>\n\t\t\t\t<\/div>","protected":false},"excerpt":{"rendered":"<p>Disclaimer This website and the services provided by PropFirmPassNow offer information, content, and materials solely for informational purposes and should [&hellip;]<\/p>\n","protected":false},"author":1,"featured_media":0,"parent":0,"menu_order":0,"comment_status":"closed","ping_status":"closed","template":"","meta":{"om_disable_all_campaigns":false,"_monsterinsights_skip_tracking":false,"_monsterinsights_sitenote_active":false,"_monsterinsights_sitenote_note":"","_monsterinsights_sitenote_category":0,"site-sidebar-layout":"no-sidebar","site-content-layout":"","ast-site-content-layout":"full-width-container","site-content-style":"default","site-sidebar-style":"default","ast-global-header-display":"","ast-banner-title-visibility":"","ast-main-header-display":"","ast-hfb-above-header-display":"","ast-hfb-below-header-display":"","ast-hfb-mobile-header-display":"","site-post-title":"","ast-breadcrumbs-content":"","ast-featured-img":"disabled","footer-sml-layout":"","theme-transparent-header-meta":"","adv-header-id-meta":"","stick-header-meta":"","header-above-stick-meta":"","header-main-stick-meta":"","header-below-stick-meta":"","astra-migrate-meta-layouts":"default","ast-page-background-enabled":"default","ast-page-background-meta":{"desktop":{"background-color":"var(--ast-global-color-5)","background-image":"","background-repeat":"repeat","background-position":"center center","background-size":"auto","background-attachment":"scroll","background-type":"","background-media":"","overlay-type":"","overlay-color":"","overlay-opacity":"","overlay-gradient":""},"tablet":{"background-color":"","background-image":"","background-repeat":"repeat","background-position":"center center","background-size":"auto","background-attachment":"scroll","background-type":"","background-media":"","overlay-type":"","overlay-color":"","overlay-opacity":"","overlay-gradient":""},"mobile":{"background-color":"","background-image":"","background-repeat":"repeat","background-position":"center center","background-size":"auto","background-attachment":"scroll","background-type":"","background-media":"","overlay-type":"","overlay-color":"","overlay-opacity":"","overlay-gradient":""}},"ast-content-background-meta":{"desktop":{"background-color":"var(--ast-global-color-4)","background-image":"","background-repeat":"repeat","background-position":"center center","background-size":"auto","background-attachment":"scroll","background-type":"","background-media":"","overlay-type":"","overlay-color":"","overlay-opacity":"","overlay-gradient":""},"tablet":{"background-color":"var(--ast-global-color-4)","background-image":"","background-repeat":"repeat","background-position":"center center","background-size":"auto","background-attachment":"scroll","background-type":"","background-media":"","overlay-type":"","overlay-color":"","overlay-opacity":"","overlay-gradient":""},"mobile":{"background-color":"var(--ast-global-color-4)","background-image":"","background-repeat":"repeat","background-position":"center center","background-size":"auto","background-attachment":"scroll","background-type":"","background-media":"","overlay-type":"","overlay-color":"","overlay-opacity":"","overlay-gradient":""}},"_glsr_average":0,"_glsr_ranking":0,"_glsr_reviews":0,"footnotes":""},"class_list":["post-662","page","type-page","status-publish","hentry"],"_links":{"self":[{"href":"https:\/\/propfirmpassnow.com\/cs\/wp-json\/wp\/v2\/pages\/662","targetHints":{"allow":["GET"]}}],"collection":[{"href":"https:\/\/propfirmpassnow.com\/cs\/wp-json\/wp\/v2\/pages"}],"about":[{"href":"https:\/\/propfirmpassnow.com\/cs\/wp-json\/wp\/v2\/types\/page"}],"author":[{"embeddable":true,"href":"https:\/\/propfirmpassnow.com\/cs\/wp-json\/wp\/v2\/users\/1"}],"replies":[{"embeddable":true,"href":"https:\/\/propfirmpassnow.com\/cs\/wp-json\/wp\/v2\/comments?post=662"}],"version-history":[{"count":10,"href":"https:\/\/propfirmpassnow.com\/cs\/wp-json\/wp\/v2\/pages\/662\/revisions"}],"predecessor-version":[{"id":965,"href":"https:\/\/propfirmpassnow.com\/cs\/wp-json\/wp\/v2\/pages\/662\/revisions\/965"}],"wp:attachment":[{"href":"https:\/\/propfirmpassnow.com\/cs\/wp-json\/wp\/v2\/media?parent=662"}],"curies":[{"name":"wp","href":"https:\/\/api.w.org\/{rel}","templated":true}]}}