{"id":669,"date":"2025-08-21T22:08:14","date_gmt":"2025-08-21T22:08:14","guid":{"rendered":"https:\/\/propfirmpassnow.com\/?page_id=669"},"modified":"2026-02-28T17:46:28","modified_gmt":"2026-02-28T17:46:28","slug":"palautuskaytanto","status":"publish","type":"page","link":"https:\/\/propfirmpassnow.com\/fi\/refund-policy\/","title":{"rendered":"Palautusk\u00e4yt\u00e4nt\u00f6"},"content":{"rendered":"<div data-elementor-type=\"wp-page\" data-elementor-id=\"669\" class=\"elementor elementor-669\">\n\t\t\t\t<div class=\"elementor-element elementor-element-4cf607c e-flex e-con-boxed e-con e-parent\" data-id=\"4cf607c\" data-element_type=\"container\" data-settings=\"{&quot;background_background&quot;:&quot;classic&quot;}\">\n\t\t\t\t\t<div class=\"e-con-inner\">\n\t\t\t\t<div class=\"elementor-element elementor-element-00992e9 elementor-widget elementor-widget-heading\" data-id=\"00992e9\" data-element_type=\"widget\" data-widget_type=\"heading.default\">\n\t\t\t\t<div class=\"elementor-widget-container\">\n\t\t\t\t\t<h1 class=\"elementor-heading-title elementor-size-default\">Palautusk\u00e4yt\u00e4nt\u00f6<\/h1>\t\t\t\t<\/div>\n\t\t\t\t<\/div>\n\t\t\t\t\t<\/div>\n\t\t\t\t<\/div>\n\t\t<div class=\"elementor-element elementor-element-04f876e e-flex e-con-boxed e-con e-parent\" data-id=\"04f876e\" data-element_type=\"container\">\n\t\t\t\t\t<div class=\"e-con-inner\">\n\t\t\t\t<div class=\"elementor-element elementor-element-044690e elementor-widget elementor-widget-text-editor\" data-id=\"044690e\" data-element_type=\"widget\" data-widget_type=\"text-editor.default\">\n\t\t\t\t<div class=\"elementor-widget-container\">\n\t\t\t\t\t\t\t\t\t<p>PropFirmPassNow on luonut vahvan maineen erinomaisten palvelujen tarjoamisesta, ja olemme sitoutuneet varmistamaan t\u00e4ydellisen asiakastyytyv\u00e4isyyden. Harvinaisessa tapauksessa, jossa ilmenee v\u00e4\u00e4rink\u00e4yt\u00f6ksi\u00e4 tai haasteiden ep\u00e4onnistunut loppuun saattaminen, PropFirmPassNow tarjoaa t\u00e4yden hyvityksen arvoisille asiakkaillemme. On huomionarvoista, ett\u00e4 olemme saaneet viime aikoina vain kaksi palautuspyynt\u00f6\u00e4, mik\u00e4 korostaa palveluidemme poikkeuksellista laatua.<br \/>Lis\u00e4ksi PropFirmPassNow tarjoaa ilmaisia uusintoja asiakkaille, jotka tarvitsevat lis\u00e4yrityksi\u00e4 l\u00e4p\u00e4ist\u00e4kseen haasteensa. Arvostamme my\u00f6s toistuvia asiakkaitamme ja tarjoamme heille anteliaan alennuksen sek\u00e4 mahdollisuuden maksaa haastemaksut kahdessa helpossa er\u00e4ss\u00e4.<br \/>Lis\u00e4ksi, kun olet onnistuneesti suorittanut haasteesi PropFirmPassNow'n kanssa, tarjoamme valinnaisen tilikauppapalvelun, joka toimii voitonjakoperiaatteella ilman ennakkomaksuja. Ainoastaan PropFirmPassNow'n haasteet menestyksekk\u00e4\u00e4sti l\u00e4p\u00e4isseiden henkil\u00f6iden on maksettava haastemaksuja.<\/p>\t\t\t\t\t\t\t\t<\/div>\n\t\t\t\t<\/div>\n\t\t\t\t\t<\/div>\n\t\t\t\t<\/div>\n\t\t\t\t<\/div>","protected":false},"excerpt":{"rendered":"<p>Refund Policy PropFirmPassNow has built a strong reputation for delivering outstanding services, and we are dedicated to ensuring complete customer [&hellip;]<\/p>\n","protected":false},"author":1,"featured_media":0,"parent":0,"menu_order":0,"comment_status":"closed","ping_status":"closed","template":"","meta":{"om_disable_all_campaigns":false,"_monsterinsights_skip_tracking":false,"_monsterinsights_sitenote_active":false,"_monsterinsights_sitenote_note":"","_monsterinsights_sitenote_category":0,"site-sidebar-layout":"no-sidebar","site-content-layout":"","ast-site-content-layout":"full-width-container","site-content-style":"default","site-sidebar-style":"default","ast-global-header-display":"","ast-banner-title-visibility":"","ast-main-header-display":"","ast-hfb-above-header-display":"","ast-hfb-below-header-display":"","ast-hfb-mobile-header-display":"","site-post-title":"","ast-breadcrumbs-content":"","ast-featured-img":"disabled","footer-sml-layout":"","theme-transparent-header-meta":"","adv-header-id-meta":"","stick-header-meta":"","header-above-stick-meta":"","header-main-stick-meta":"","header-below-stick-meta":"","astra-migrate-meta-layouts":"default","ast-page-background-enabled":"default","ast-page-background-meta":{"desktop":{"background-color":"var(--ast-global-color-5)","background-image":"","background-repeat":"repeat","background-position":"center center","background-size":"auto","background-attachment":"scroll","background-type":"","background-media":"","overlay-type":"","overlay-color":"","overlay-opacity":"","overlay-gradient":""},"tablet":{"background-color":"","background-image":"","background-repeat":"repeat","background-position":"center center","background-size":"auto","background-attachment":"scroll","background-type":"","background-media":"","overlay-type":"","overlay-color":"","overlay-opacity":"","overlay-gradient":""},"mobile":{"background-color":"","background-image":"","background-repeat":"repeat","background-position":"center center","background-size":"auto","background-attachment":"scroll","background-type":"","background-media":"","overlay-type":"","overlay-color":"","overlay-opacity":"","overlay-gradient":""}},"ast-content-background-meta":{"desktop":{"background-color":"var(--ast-global-color-4)","background-image":"","background-repeat":"repeat","background-position":"center center","background-size":"auto","background-attachment":"scroll","background-type":"","background-media":"","overlay-type":"","overlay-color":"","overlay-opacity":"","overlay-gradient":""},"tablet":{"background-color":"var(--ast-global-color-4)","background-image":"","background-repeat":"repeat","background-position":"center center","background-size":"auto","background-attachment":"scroll","background-type":"","background-media":"","overlay-type":"","overlay-color":"","overlay-opacity":"","overlay-gradient":""},"mobile":{"background-color":"var(--ast-global-color-4)","background-image":"","background-repeat":"repeat","background-position":"center center","background-size":"auto","background-attachment":"scroll","background-type":"","background-media":"","overlay-type":"","overlay-color":"","overlay-opacity":"","overlay-gradient":""}},"_glsr_average":0,"_glsr_ranking":0,"_glsr_reviews":0,"footnotes":""},"class_list":["post-669","page","type-page","status-publish","hentry"],"_links":{"self":[{"href":"https:\/\/propfirmpassnow.com\/fi\/wp-json\/wp\/v2\/pages\/669","targetHints":{"allow":["GET"]}}],"collection":[{"href":"https:\/\/propfirmpassnow.com\/fi\/wp-json\/wp\/v2\/pages"}],"about":[{"href":"https:\/\/propfirmpassnow.com\/fi\/wp-json\/wp\/v2\/types\/page"}],"author":[{"embeddable":true,"href":"https:\/\/propfirmpassnow.com\/fi\/wp-json\/wp\/v2\/users\/1"}],"replies":[{"embeddable":true,"href":"https:\/\/propfirmpassnow.com\/fi\/wp-json\/wp\/v2\/comments?post=669"}],"version-history":[{"count":10,"href":"https:\/\/propfirmpassnow.com\/fi\/wp-json\/wp\/v2\/pages\/669\/revisions"}],"predecessor-version":[{"id":972,"href":"https:\/\/propfirmpassnow.com\/fi\/wp-json\/wp\/v2\/pages\/669\/revisions\/972"}],"wp:attachment":[{"href":"https:\/\/propfirmpassnow.com\/fi\/wp-json\/wp\/v2\/media?parent=669"}],"curies":[{"name":"wp","href":"https:\/\/api.w.org\/{rel}","templated":true}]}}