{"id":662,"date":"2025-08-21T21:58:03","date_gmt":"2025-08-21T21:58:03","guid":{"rendered":"https:\/\/propfirmpassnow.com\/?page_id=662"},"modified":"2026-02-03T18:29:40","modified_gmt":"2026-02-03T18:29:40","slug":"nyilatkozat","status":"publish","type":"page","link":"https:\/\/propfirmpassnow.com\/hu\/disclaimer\/","title":{"rendered":"Felel\u0151ss\u00e9gi nyilatkozat"},"content":{"rendered":"<div data-elementor-type=\"wp-page\" data-elementor-id=\"662\" class=\"elementor elementor-662\">\n\t\t\t\t<div class=\"elementor-element elementor-element-cf1199c e-flex e-con-boxed e-con e-parent\" data-id=\"cf1199c\" data-element_type=\"container\" data-settings=\"{&quot;background_background&quot;:&quot;classic&quot;}\">\n\t\t\t\t\t<div class=\"e-con-inner\">\n\t\t\t\t<div class=\"elementor-element elementor-element-04ddb3b elementor-widget elementor-widget-heading\" data-id=\"04ddb3b\" data-element_type=\"widget\" data-widget_type=\"heading.default\">\n\t\t\t\t<div class=\"elementor-widget-container\">\n\t\t\t\t\t<h1 class=\"elementor-heading-title elementor-size-default\">Felel\u0151ss\u00e9gi nyilatkozat<\/h1>\t\t\t\t<\/div>\n\t\t\t\t<\/div>\n\t\t\t\t\t<\/div>\n\t\t\t\t<\/div>\n\t\t<div class=\"elementor-element elementor-element-5db3bb2 e-flex e-con-boxed e-con e-parent\" data-id=\"5db3bb2\" data-element_type=\"container\">\n\t\t\t\t\t<div class=\"e-con-inner\">\n\t\t\t\t<div class=\"elementor-element elementor-element-af72a8c elementor-widget elementor-widget-text-editor\" data-id=\"af72a8c\" data-element_type=\"widget\" data-widget_type=\"text-editor.default\">\n\t\t\t\t<div class=\"elementor-widget-container\">\n\t\t\t\t\t\t\t\t\t<p>Ez a weboldal \u00e9s a PropFirmPassNow \u00e1ltal ny\u00fajtott szolg\u00e1ltat\u00e1sok kiz\u00e1r\u00f3lag t\u00e1j\u00e9koztat\u00f3 jelleg\u0171 inform\u00e1ci\u00f3kat, tartalmakat \u00e9s anyagokat k\u00edn\u00e1lnak, \u00e9s nem \u00e9rtelmezhet\u0151k p\u00e9nz\u00fcgyi tan\u00e1csad\u00e1sk\u00e9nt vagy p\u00e9nz\u00fcgyi szolg\u00e1ltat\u00e1si aj\u00e1nlatk\u00e9nt. A PropFirmPassNow nem enged\u00e9lyezett p\u00e9nz\u00fcgyi tan\u00e1csad\u00f3 \u00e9s nem ny\u00fajt p\u00e9nz\u00fcgyi szolg\u00e1ltat\u00e1sokat. A PropFirmPassNow-t\u00f3l sz\u00e1rmaz\u00f3 inform\u00e1ci\u00f3kra val\u00f3 b\u00e1rmilyen t\u00e1maszkod\u00e1s a saj\u00e1t felel\u0151ss\u00e9g\u00e9re t\u00f6rt\u00e9nik. Er\u0151sen javasoljuk, hogy b\u00e1rmilyen p\u00e9nz\u00fcgyi d\u00f6nt\u00e9s meghozatala el\u0151tt konzult\u00e1ljon egy hivat\u00e1sos p\u00e9nz\u00fcgyi tan\u00e1csad\u00f3val. A PropFirmPassNow nem v\u00e1llal felel\u0151ss\u00e9get a weboldalunk vagy szolg\u00e1ltat\u00e1saink haszn\u00e1lat\u00e1b\u00f3l ered\u0151 vesztes\u00e9gek\u00e9rt vagy k\u00e1rok\u00e9rt.<br \/>Alapvet\u0151 fontoss\u00e1g\u00fa meg\u00e9rteni, hogy a let\u00e9ti devizakereskedelem magas kock\u00e1zattal j\u00e1r, \u00e9s nem minden befektet\u0151 sz\u00e1m\u00e1ra megfelel\u0151. A t\u0151ke\u00e1tt\u00e9tel haszn\u00e1lata el\u0151ny\u00f6sen \u00e9s h\u00e1tr\u00e1nyosan is befoly\u00e1solhatja a befektet\u00e9seket. Miel\u0151tt befektetne deviz\u00e1ban, gondosan m\u00e9rje fel befektet\u00e9si c\u00e9ljait, tapasztalati szintj\u00e9t \u00e9s kock\u00e1zatt\u0171r\u0151 k\u00e9pess\u00e9g\u00e9t. A PropFirmPassNow egyik szolg\u00e1ltat\u00e1sa vagy inform\u00e1ci\u00f3ja sem tekinthet\u0151 p\u00e9nz\u00fcgyi tan\u00e1csad\u00e1snak.<br \/>Tov\u00e1bb\u00e1, a PropFirmPassNow nem \u00e1ll kapcsolatban vagy nem t\u00e1mogatja az ezen a weboldalon eml\u00edtett vagy bemutatott saj\u00e1t keresked\u00e9si c\u00e9geket.<\/p>\t\t\t\t\t\t\t\t<\/div>\n\t\t\t\t<\/div>\n\t\t\t\t\t<\/div>\n\t\t\t\t<\/div>\n\t\t\t\t<\/div>","protected":false},"excerpt":{"rendered":"<p>Disclaimer This website and the services provided by PropFirmPassNow offer information, content, and materials solely for informational purposes and should [&hellip;]<\/p>\n","protected":false},"author":1,"featured_media":0,"parent":0,"menu_order":0,"comment_status":"closed","ping_status":"closed","template":"","meta":{"om_disable_all_campaigns":false,"_monsterinsights_skip_tracking":false,"_monsterinsights_sitenote_active":false,"_monsterinsights_sitenote_note":"","_monsterinsights_sitenote_category":0,"site-sidebar-layout":"no-sidebar","site-content-layout":"","ast-site-content-layout":"full-width-container","site-content-style":"default","site-sidebar-style":"default","ast-global-header-display":"","ast-banner-title-visibility":"","ast-main-header-display":"","ast-hfb-above-header-display":"","ast-hfb-below-header-display":"","ast-hfb-mobile-header-display":"","site-post-title":"","ast-breadcrumbs-content":"","ast-featured-img":"disabled","footer-sml-layout":"","theme-transparent-header-meta":"","adv-header-id-meta":"","stick-header-meta":"","header-above-stick-meta":"","header-main-stick-meta":"","header-below-stick-meta":"","astra-migrate-meta-layouts":"default","ast-page-background-enabled":"default","ast-page-background-meta":{"desktop":{"background-color":"var(--ast-global-color-5)","background-image":"","background-repeat":"repeat","background-position":"center center","background-size":"auto","background-attachment":"scroll","background-type":"","background-media":"","overlay-type":"","overlay-color":"","overlay-opacity":"","overlay-gradient":""},"tablet":{"background-color":"","background-image":"","background-repeat":"repeat","background-position":"center center","background-size":"auto","background-attachment":"scroll","background-type":"","background-media":"","overlay-type":"","overlay-color":"","overlay-opacity":"","overlay-gradient":""},"mobile":{"background-color":"","background-image":"","background-repeat":"repeat","background-position":"center center","background-size":"auto","background-attachment":"scroll","background-type":"","background-media":"","overlay-type":"","overlay-color":"","overlay-opacity":"","overlay-gradient":""}},"ast-content-background-meta":{"desktop":{"background-color":"var(--ast-global-color-4)","background-image":"","background-repeat":"repeat","background-position":"center center","background-size":"auto","background-attachment":"scroll","background-type":"","background-media":"","overlay-type":"","overlay-color":"","overlay-opacity":"","overlay-gradient":""},"tablet":{"background-color":"var(--ast-global-color-4)","background-image":"","background-repeat":"repeat","background-position":"center center","background-size":"auto","background-attachment":"scroll","background-type":"","background-media":"","overlay-type":"","overlay-color":"","overlay-opacity":"","overlay-gradient":""},"mobile":{"background-color":"var(--ast-global-color-4)","background-image":"","background-repeat":"repeat","background-position":"center center","background-size":"auto","background-attachment":"scroll","background-type":"","background-media":"","overlay-type":"","overlay-color":"","overlay-opacity":"","overlay-gradient":""}},"_glsr_average":0,"_glsr_ranking":0,"_glsr_reviews":0,"footnotes":""},"class_list":["post-662","page","type-page","status-publish","hentry"],"_links":{"self":[{"href":"https:\/\/propfirmpassnow.com\/hu\/wp-json\/wp\/v2\/pages\/662","targetHints":{"allow":["GET"]}}],"collection":[{"href":"https:\/\/propfirmpassnow.com\/hu\/wp-json\/wp\/v2\/pages"}],"about":[{"href":"https:\/\/propfirmpassnow.com\/hu\/wp-json\/wp\/v2\/types\/page"}],"author":[{"embeddable":true,"href":"https:\/\/propfirmpassnow.com\/hu\/wp-json\/wp\/v2\/users\/1"}],"replies":[{"embeddable":true,"href":"https:\/\/propfirmpassnow.com\/hu\/wp-json\/wp\/v2\/comments?post=662"}],"version-history":[{"count":10,"href":"https:\/\/propfirmpassnow.com\/hu\/wp-json\/wp\/v2\/pages\/662\/revisions"}],"predecessor-version":[{"id":965,"href":"https:\/\/propfirmpassnow.com\/hu\/wp-json\/wp\/v2\/pages\/662\/revisions\/965"}],"wp:attachment":[{"href":"https:\/\/propfirmpassnow.com\/hu\/wp-json\/wp\/v2\/media?parent=662"}],"curies":[{"name":"wp","href":"https:\/\/api.w.org\/{rel}","templated":true}]}}