{"id":669,"date":"2025-08-21T22:08:14","date_gmt":"2025-08-21T22:08:14","guid":{"rendered":"https:\/\/propfirmpassnow.com\/?page_id=669"},"modified":"2026-02-28T17:46:28","modified_gmt":"2026-02-28T17:46:28","slug":"visszateritesi-politika","status":"publish","type":"page","link":"https:\/\/propfirmpassnow.com\/hu\/refund-policy\/","title":{"rendered":"Visszat\u00e9r\u00edt\u00e9si politika"},"content":{"rendered":"<div data-elementor-type=\"wp-page\" data-elementor-id=\"669\" class=\"elementor elementor-669\">\n\t\t\t\t<div class=\"elementor-element elementor-element-4cf607c e-flex e-con-boxed e-con e-parent\" data-id=\"4cf607c\" data-element_type=\"container\" data-settings=\"{&quot;background_background&quot;:&quot;classic&quot;}\">\n\t\t\t\t\t<div class=\"e-con-inner\">\n\t\t\t\t<div class=\"elementor-element elementor-element-00992e9 elementor-widget elementor-widget-heading\" data-id=\"00992e9\" data-element_type=\"widget\" data-widget_type=\"heading.default\">\n\t\t\t\t<div class=\"elementor-widget-container\">\n\t\t\t\t\t<h1 class=\"elementor-heading-title elementor-size-default\">Visszat\u00e9r\u00edt\u00e9si politika<\/h1>\t\t\t\t<\/div>\n\t\t\t\t<\/div>\n\t\t\t\t\t<\/div>\n\t\t\t\t<\/div>\n\t\t<div class=\"elementor-element elementor-element-04f876e e-flex e-con-boxed e-con e-parent\" data-id=\"04f876e\" data-element_type=\"container\">\n\t\t\t\t\t<div class=\"e-con-inner\">\n\t\t\t\t<div class=\"elementor-element elementor-element-044690e elementor-widget elementor-widget-text-editor\" data-id=\"044690e\" data-element_type=\"widget\" data-widget_type=\"text-editor.default\">\n\t\t\t\t<div class=\"elementor-widget-container\">\n\t\t\t\t\t\t\t\t\t<p>A PropFirmPassNow komoly h\u00edrnevet szerzett a kiemelked\u0151 szolg\u00e1ltat\u00e1sok ny\u00fajt\u00e1sa ter\u00e9n, \u00e9s elk\u00f6telezettek vagyunk a teljes \u00fcgyf\u00e9l-el\u00e9gedetts\u00e9g biztos\u00edt\u00e1sa ir\u00e1nt. A PropFirmPassNow b\u00e1rmilyen f\u00e9lre\u00e9rt\u00e9s vagy sikertelen kih\u00edv\u00e1s teljes\u00edt\u00e9se eset\u00e9n, ritka esetben teljes visszat\u00e9r\u00edt\u00e9st ny\u00fajt \u00e9rt\u00e9kes \u00fcgyfeleinknek. Figyelemre m\u00e9lt\u00f3, hogy az ut\u00f3bbi id\u0151ben mind\u00f6ssze k\u00e9t visszat\u00e9r\u00edt\u00e9si k\u00e9relmet kaptunk, ami kiemeli szolg\u00e1ltat\u00e1saink kiv\u00e9teles min\u0151s\u00e9g\u00e9t.<br \/>Ezenk\u00edv\u00fcl a PropFirmPassNow ingyenes ism\u00e9tl\u00e9seket k\u00edn\u00e1l azon \u00fcgyfelek sz\u00e1m\u00e1ra, akiknek tov\u00e1bbi pr\u00f3b\u00e1lkoz\u00e1sokra van sz\u00fcks\u00e9g\u00fck a kih\u00edv\u00e1sok sikeres teljes\u00edt\u00e9s\u00e9hez. Ism\u00e9tl\u0151d\u0151 \u00fcgyfeleinket is nagyra \u00e9rt\u00e9kelj\u00fck, \u00e9s nagyvonal\u00fa kedvezm\u00e9nyt biztos\u00edtunk sz\u00e1mukra, valamint lehet\u0151s\u00e9get biztos\u00edtunk arra, hogy a kih\u00edv\u00e1s d\u00edj\u00e1t k\u00e9t egyszer\u0171 r\u00e9szletben fizess\u00e9k ki.<br \/>Tov\u00e1bb\u00e1, ha sikeresen teljes\u00edtette a PropFirmPassNow-val kapcsolatos kih\u00edv\u00e1s\u00e1t, opcion\u00e1lis sz\u00e1mlakereskedelmi szolg\u00e1ltat\u00e1st k\u00edn\u00e1lunk, amely nyeres\u00e9gmegoszt\u00e1s alapj\u00e1n m\u0171k\u00f6dik, el\u0151zetes d\u00edj n\u00e9lk\u00fcl. Kiz\u00e1r\u00f3lag azok a szem\u00e9lyek k\u00f6telesek kih\u00edv\u00e1si d\u00edjat fizetni, akik sikeresen teljes\u00edtett\u00e9k a PropFirmPassNow-val kapcsolatos kih\u00edv\u00e1saikat.<\/p>\t\t\t\t\t\t\t\t<\/div>\n\t\t\t\t<\/div>\n\t\t\t\t\t<\/div>\n\t\t\t\t<\/div>\n\t\t\t\t<\/div>","protected":false},"excerpt":{"rendered":"<p>Refund Policy PropFirmPassNow has built a strong reputation for delivering outstanding services, and we are dedicated to ensuring complete customer [&hellip;]<\/p>\n","protected":false},"author":1,"featured_media":0,"parent":0,"menu_order":0,"comment_status":"closed","ping_status":"closed","template":"","meta":{"om_disable_all_campaigns":false,"_monsterinsights_skip_tracking":false,"_monsterinsights_sitenote_active":false,"_monsterinsights_sitenote_note":"","_monsterinsights_sitenote_category":0,"site-sidebar-layout":"no-sidebar","site-content-layout":"","ast-site-content-layout":"full-width-container","site-content-style":"default","site-sidebar-style":"default","ast-global-header-display":"","ast-banner-title-visibility":"","ast-main-header-display":"","ast-hfb-above-header-display":"","ast-hfb-below-header-display":"","ast-hfb-mobile-header-display":"","site-post-title":"","ast-breadcrumbs-content":"","ast-featured-img":"disabled","footer-sml-layout":"","theme-transparent-header-meta":"","adv-header-id-meta":"","stick-header-meta":"","header-above-stick-meta":"","header-main-stick-meta":"","header-below-stick-meta":"","astra-migrate-meta-layouts":"default","ast-page-background-enabled":"default","ast-page-background-meta":{"desktop":{"background-color":"var(--ast-global-color-5)","background-image":"","background-repeat":"repeat","background-position":"center center","background-size":"auto","background-attachment":"scroll","background-type":"","background-media":"","overlay-type":"","overlay-color":"","overlay-opacity":"","overlay-gradient":""},"tablet":{"background-color":"","background-image":"","background-repeat":"repeat","background-position":"center center","background-size":"auto","background-attachment":"scroll","background-type":"","background-media":"","overlay-type":"","overlay-color":"","overlay-opacity":"","overlay-gradient":""},"mobile":{"background-color":"","background-image":"","background-repeat":"repeat","background-position":"center center","background-size":"auto","background-attachment":"scroll","background-type":"","background-media":"","overlay-type":"","overlay-color":"","overlay-opacity":"","overlay-gradient":""}},"ast-content-background-meta":{"desktop":{"background-color":"var(--ast-global-color-4)","background-image":"","background-repeat":"repeat","background-position":"center center","background-size":"auto","background-attachment":"scroll","background-type":"","background-media":"","overlay-type":"","overlay-color":"","overlay-opacity":"","overlay-gradient":""},"tablet":{"background-color":"var(--ast-global-color-4)","background-image":"","background-repeat":"repeat","background-position":"center center","background-size":"auto","background-attachment":"scroll","background-type":"","background-media":"","overlay-type":"","overlay-color":"","overlay-opacity":"","overlay-gradient":""},"mobile":{"background-color":"var(--ast-global-color-4)","background-image":"","background-repeat":"repeat","background-position":"center center","background-size":"auto","background-attachment":"scroll","background-type":"","background-media":"","overlay-type":"","overlay-color":"","overlay-opacity":"","overlay-gradient":""}},"_glsr_average":0,"_glsr_ranking":0,"_glsr_reviews":0,"footnotes":""},"class_list":["post-669","page","type-page","status-publish","hentry"],"_links":{"self":[{"href":"https:\/\/propfirmpassnow.com\/hu\/wp-json\/wp\/v2\/pages\/669","targetHints":{"allow":["GET"]}}],"collection":[{"href":"https:\/\/propfirmpassnow.com\/hu\/wp-json\/wp\/v2\/pages"}],"about":[{"href":"https:\/\/propfirmpassnow.com\/hu\/wp-json\/wp\/v2\/types\/page"}],"author":[{"embeddable":true,"href":"https:\/\/propfirmpassnow.com\/hu\/wp-json\/wp\/v2\/users\/1"}],"replies":[{"embeddable":true,"href":"https:\/\/propfirmpassnow.com\/hu\/wp-json\/wp\/v2\/comments?post=669"}],"version-history":[{"count":10,"href":"https:\/\/propfirmpassnow.com\/hu\/wp-json\/wp\/v2\/pages\/669\/revisions"}],"predecessor-version":[{"id":972,"href":"https:\/\/propfirmpassnow.com\/hu\/wp-json\/wp\/v2\/pages\/669\/revisions\/972"}],"wp:attachment":[{"href":"https:\/\/propfirmpassnow.com\/hu\/wp-json\/wp\/v2\/media?parent=669"}],"curies":[{"name":"wp","href":"https:\/\/api.w.org\/{rel}","templated":true}]}}