{"id":662,"date":"2025-08-21T21:58:03","date_gmt":"2025-08-21T21:58:03","guid":{"rendered":"https:\/\/propfirmpassnow.com\/?page_id=662"},"modified":"2026-02-03T18:29:40","modified_gmt":"2026-02-03T18:29:40","slug":"fyrirvari","status":"publish","type":"page","link":"https:\/\/propfirmpassnow.com\/is\/disclaimer\/","title":{"rendered":"Fyrirvari"},"content":{"rendered":"<div data-elementor-type=\"wp-page\" data-elementor-id=\"662\" class=\"elementor elementor-662\">\n\t\t\t\t<div class=\"elementor-element elementor-element-cf1199c e-flex e-con-boxed e-con e-parent\" data-id=\"cf1199c\" data-element_type=\"container\" data-settings=\"{&quot;background_background&quot;:&quot;classic&quot;}\">\n\t\t\t\t\t<div class=\"e-con-inner\">\n\t\t\t\t<div class=\"elementor-element elementor-element-04ddb3b elementor-widget elementor-widget-heading\" data-id=\"04ddb3b\" data-element_type=\"widget\" data-widget_type=\"heading.default\">\n\t\t\t\t<div class=\"elementor-widget-container\">\n\t\t\t\t\t<h1 class=\"elementor-heading-title elementor-size-default\">Fyrirvari<\/h1>\t\t\t\t<\/div>\n\t\t\t\t<\/div>\n\t\t\t\t\t<\/div>\n\t\t\t\t<\/div>\n\t\t<div class=\"elementor-element elementor-element-5db3bb2 e-flex e-con-boxed e-con e-parent\" data-id=\"5db3bb2\" data-element_type=\"container\">\n\t\t\t\t\t<div class=\"e-con-inner\">\n\t\t\t\t<div class=\"elementor-element elementor-element-af72a8c elementor-widget elementor-widget-text-editor\" data-id=\"af72a8c\" data-element_type=\"widget\" data-widget_type=\"text-editor.default\">\n\t\t\t\t<div class=\"elementor-widget-container\">\n\t\t\t\t\t\t\t\t\t<p>\u00deessi vefs\u00ed\u00f0a og \u00fej\u00f3nustan sem PropFirmPassNow veitir bj\u00f3\u00f0a upp \u00e1 uppl\u00fdsingar, efni og efni eing\u00f6ngu \u00ed uppl\u00fdsingaskyni og \u00e6tti ekki a\u00f0 t\u00falka sem fj\u00e1rm\u00e1lar\u00e1\u00f0gj\u00f6f e\u00f0a tilbo\u00f0 um fj\u00e1rm\u00e1la\u00fej\u00f3nustu. PropFirmPassNow er ekki l\u00f6ggiltur fj\u00e1rm\u00e1lar\u00e1\u00f0gjafi og veitir ekki fj\u00e1rm\u00e1la\u00fej\u00f3nustu. \u00d6ll rei\u00f0i \u00e1 uppl\u00fdsingar fr\u00e1 PropFirmPassNow er \u00e1 eigin \u00e1byrg\u00f0. Vi\u00f0 m\u00e6lum eindregi\u00f0 me\u00f0 \u00fev\u00ed a\u00f0 r\u00e1\u00f0f\u00e6ra sig vi\u00f0 fagmannlegan fj\u00e1rm\u00e1lar\u00e1\u00f0gjafa \u00e1\u00f0ur en fj\u00e1rhagslegar \u00e1kvar\u00f0anir eru teknar. PropFirmPassNow ber ekki \u00e1byrg\u00f0 \u00e1 tj\u00f3ni e\u00f0a ska\u00f0a sem hl\u00fdst af notkun vefs\u00ed\u00f0u okkar e\u00f0a \u00fej\u00f3nustu.<br \/>\u00dea\u00f0 er mikilv\u00e6gt a\u00f0 skilja a\u00f0 vi\u00f0skipti me\u00f0 erlendan gjaldeyri me\u00f0 framleg\u00f0 fela \u00ed s\u00e9r mikla \u00e1h\u00e6ttu og henta hugsanlega ekki \u00f6llum fj\u00e1rfestum. Notkun skuldsetningar getur b\u00e6\u00f0i haft j\u00e1kv\u00e6\u00f0 og neikv\u00e6\u00f0 \u00e1hrif \u00e1 fj\u00e1rfestingar \u00fe\u00ednar. \u00c1\u00f0ur en \u00fe\u00fa fj\u00e1rfestir \u00ed erlendum gjaldeyri skaltu meta vandlega fj\u00e1rfestingarmarkmi\u00f0 \u00fe\u00edn, reynslustig og \u00e1h\u00e6ttu\u00feol. Engin \u00fej\u00f3nusta e\u00f0a uppl\u00fdsingar fr\u00e1 PropFirmPassNow \u00e6ttu a\u00f0 teljast fj\u00e1rhagsr\u00e1\u00f0gj\u00f6f.<br \/>\u00dear a\u00f0 auki er PropFirmPassNow ekki tengt n\u00e9 studd af neinu einkavi\u00f0skiptafyrirt\u00e6ki sem minnst er \u00e1 e\u00f0a birt er \u00e1 \u00feessari vefs\u00ed\u00f0u.<\/p>\t\t\t\t\t\t\t\t<\/div>\n\t\t\t\t<\/div>\n\t\t\t\t\t<\/div>\n\t\t\t\t<\/div>\n\t\t\t\t<\/div>","protected":false},"excerpt":{"rendered":"<p>Disclaimer This website and the services provided by PropFirmPassNow offer information, content, and materials solely for informational purposes and should [&hellip;]<\/p>\n","protected":false},"author":1,"featured_media":0,"parent":0,"menu_order":0,"comment_status":"closed","ping_status":"closed","template":"","meta":{"om_disable_all_campaigns":false,"_monsterinsights_skip_tracking":false,"_monsterinsights_sitenote_active":false,"_monsterinsights_sitenote_note":"","_monsterinsights_sitenote_category":0,"site-sidebar-layout":"no-sidebar","site-content-layout":"","ast-site-content-layout":"full-width-container","site-content-style":"default","site-sidebar-style":"default","ast-global-header-display":"","ast-banner-title-visibility":"","ast-main-header-display":"","ast-hfb-above-header-display":"","ast-hfb-below-header-display":"","ast-hfb-mobile-header-display":"","site-post-title":"","ast-breadcrumbs-content":"","ast-featured-img":"disabled","footer-sml-layout":"","theme-transparent-header-meta":"","adv-header-id-meta":"","stick-header-meta":"","header-above-stick-meta":"","header-main-stick-meta":"","header-below-stick-meta":"","astra-migrate-meta-layouts":"default","ast-page-background-enabled":"default","ast-page-background-meta":{"desktop":{"background-color":"var(--ast-global-color-5)","background-image":"","background-repeat":"repeat","background-position":"center center","background-size":"auto","background-attachment":"scroll","background-type":"","background-media":"","overlay-type":"","overlay-color":"","overlay-opacity":"","overlay-gradient":""},"tablet":{"background-color":"","background-image":"","background-repeat":"repeat","background-position":"center center","background-size":"auto","background-attachment":"scroll","background-type":"","background-media":"","overlay-type":"","overlay-color":"","overlay-opacity":"","overlay-gradient":""},"mobile":{"background-color":"","background-image":"","background-repeat":"repeat","background-position":"center center","background-size":"auto","background-attachment":"scroll","background-type":"","background-media":"","overlay-type":"","overlay-color":"","overlay-opacity":"","overlay-gradient":""}},"ast-content-background-meta":{"desktop":{"background-color":"var(--ast-global-color-4)","background-image":"","background-repeat":"repeat","background-position":"center center","background-size":"auto","background-attachment":"scroll","background-type":"","background-media":"","overlay-type":"","overlay-color":"","overlay-opacity":"","overlay-gradient":""},"tablet":{"background-color":"var(--ast-global-color-4)","background-image":"","background-repeat":"repeat","background-position":"center center","background-size":"auto","background-attachment":"scroll","background-type":"","background-media":"","overlay-type":"","overlay-color":"","overlay-opacity":"","overlay-gradient":""},"mobile":{"background-color":"var(--ast-global-color-4)","background-image":"","background-repeat":"repeat","background-position":"center center","background-size":"auto","background-attachment":"scroll","background-type":"","background-media":"","overlay-type":"","overlay-color":"","overlay-opacity":"","overlay-gradient":""}},"_glsr_average":0,"_glsr_ranking":0,"_glsr_reviews":0,"footnotes":""},"class_list":["post-662","page","type-page","status-publish","hentry"],"_links":{"self":[{"href":"https:\/\/propfirmpassnow.com\/is\/wp-json\/wp\/v2\/pages\/662","targetHints":{"allow":["GET"]}}],"collection":[{"href":"https:\/\/propfirmpassnow.com\/is\/wp-json\/wp\/v2\/pages"}],"about":[{"href":"https:\/\/propfirmpassnow.com\/is\/wp-json\/wp\/v2\/types\/page"}],"author":[{"embeddable":true,"href":"https:\/\/propfirmpassnow.com\/is\/wp-json\/wp\/v2\/users\/1"}],"replies":[{"embeddable":true,"href":"https:\/\/propfirmpassnow.com\/is\/wp-json\/wp\/v2\/comments?post=662"}],"version-history":[{"count":10,"href":"https:\/\/propfirmpassnow.com\/is\/wp-json\/wp\/v2\/pages\/662\/revisions"}],"predecessor-version":[{"id":965,"href":"https:\/\/propfirmpassnow.com\/is\/wp-json\/wp\/v2\/pages\/662\/revisions\/965"}],"wp:attachment":[{"href":"https:\/\/propfirmpassnow.com\/is\/wp-json\/wp\/v2\/media?parent=662"}],"curies":[{"name":"wp","href":"https:\/\/api.w.org\/{rel}","templated":true}]}}