{"id":669,"date":"2025-08-21T22:08:14","date_gmt":"2025-08-21T22:08:14","guid":{"rendered":"https:\/\/propfirmpassnow.com\/?page_id=669"},"modified":"2026-02-28T17:46:28","modified_gmt":"2026-02-28T17:46:28","slug":"endurgreidslustefna","status":"publish","type":"page","link":"https:\/\/propfirmpassnow.com\/is\/refund-policy\/","title":{"rendered":"Endurgrei\u00f0slustefna"},"content":{"rendered":"<div data-elementor-type=\"wp-page\" data-elementor-id=\"669\" class=\"elementor elementor-669\">\n\t\t\t\t<div class=\"elementor-element elementor-element-4cf607c e-flex e-con-boxed e-con e-parent\" data-id=\"4cf607c\" data-element_type=\"container\" data-settings=\"{&quot;background_background&quot;:&quot;classic&quot;}\">\n\t\t\t\t\t<div class=\"e-con-inner\">\n\t\t\t\t<div class=\"elementor-element elementor-element-00992e9 elementor-widget elementor-widget-heading\" data-id=\"00992e9\" data-element_type=\"widget\" data-widget_type=\"heading.default\">\n\t\t\t\t<div class=\"elementor-widget-container\">\n\t\t\t\t\t<h1 class=\"elementor-heading-title elementor-size-default\">Endurgrei\u00f0slustefna<\/h1>\t\t\t\t<\/div>\n\t\t\t\t<\/div>\n\t\t\t\t\t<\/div>\n\t\t\t\t<\/div>\n\t\t<div class=\"elementor-element elementor-element-04f876e e-flex e-con-boxed e-con e-parent\" data-id=\"04f876e\" data-element_type=\"container\">\n\t\t\t\t\t<div class=\"e-con-inner\">\n\t\t\t\t<div class=\"elementor-element elementor-element-044690e elementor-widget elementor-widget-text-editor\" data-id=\"044690e\" data-element_type=\"widget\" data-widget_type=\"text-editor.default\">\n\t\t\t\t<div class=\"elementor-widget-container\">\n\t\t\t\t\t\t\t\t\t<p>PropFirmPassNow hefur byggt upp sterkt or\u00f0spor fyrir fram\u00farskarandi \u00fej\u00f3nustu og vi\u00f0 leggjum okkur fram um a\u00f0 tryggja fullkomna \u00e1n\u00e6gju vi\u00f0skiptavina. Ef upp koma misskilningur e\u00f0a misheppnu\u00f0 \u00e1skorun veitir PropFirmPassNow fulla endurgrei\u00f0slu til vi\u00f0skiptavina okkar. \u00dea\u00f0 er athyglisvert a\u00f0 vi\u00f0 h\u00f6fum a\u00f0eins fengi\u00f0 tv\u00e6r endurgrei\u00f0slubei\u00f0nir n\u00fdlega, sem undirstrikar fram\u00farskarandi g\u00e6\u00f0i \u00fej\u00f3nustu okkar.<br \/>A\u00f0 auki b\u00fd\u00f0ur PropFirmPassNow upp \u00e1 \u00f3keypis endurtekningar fyrir vi\u00f0skiptavini sem \u00feurfa auka tilraunir til a\u00f0 standast \u00e1skoranir s\u00ednar. Vi\u00f0 kunnum einnig a\u00f0 meta \u00fe\u00e1 sem koma aftur og aftur og veitum \u00feeim rausnarlegan afsl\u00e1tt, \u00e1samt m\u00f6guleikanum \u00e1 a\u00f0 grei\u00f0a \u00e1skorunargj\u00f6ldin \u00ed tveimur einf\u00f6ldum grei\u00f0slum.<br \/>\u00dear a\u00f0 auki, eftir a\u00f0 \u00fe\u00fa hefur loki\u00f0 \u00e1skoruninni \u00feinni me\u00f0 PropFirmPassNow, bj\u00f3\u00f0um vi\u00f0 upp \u00e1 valfrj\u00e1lsa reikningsvi\u00f0skipta\u00fej\u00f3nustu sem starfar \u00e1 grundvelli hagna\u00f0arskiptingar, \u00e1n fyrirframgrei\u00f0slna. A\u00f0eins einstaklingar sem hafa sta\u00f0ist \u00e1skoranir s\u00ednar me\u00f0 PropFirmPassNow \u00feurfa a\u00f0 grei\u00f0a \u00e1skorunargj\u00f6ld.<\/p>\t\t\t\t\t\t\t\t<\/div>\n\t\t\t\t<\/div>\n\t\t\t\t\t<\/div>\n\t\t\t\t<\/div>\n\t\t\t\t<\/div>","protected":false},"excerpt":{"rendered":"<p>Refund Policy PropFirmPassNow has built a strong reputation for delivering outstanding services, and we are dedicated to ensuring complete customer [&hellip;]<\/p>\n","protected":false},"author":1,"featured_media":0,"parent":0,"menu_order":0,"comment_status":"closed","ping_status":"closed","template":"","meta":{"om_disable_all_campaigns":false,"_monsterinsights_skip_tracking":false,"_monsterinsights_sitenote_active":false,"_monsterinsights_sitenote_note":"","_monsterinsights_sitenote_category":0,"site-sidebar-layout":"no-sidebar","site-content-layout":"","ast-site-content-layout":"full-width-container","site-content-style":"default","site-sidebar-style":"default","ast-global-header-display":"","ast-banner-title-visibility":"","ast-main-header-display":"","ast-hfb-above-header-display":"","ast-hfb-below-header-display":"","ast-hfb-mobile-header-display":"","site-post-title":"","ast-breadcrumbs-content":"","ast-featured-img":"disabled","footer-sml-layout":"","theme-transparent-header-meta":"","adv-header-id-meta":"","stick-header-meta":"","header-above-stick-meta":"","header-main-stick-meta":"","header-below-stick-meta":"","astra-migrate-meta-layouts":"default","ast-page-background-enabled":"default","ast-page-background-meta":{"desktop":{"background-color":"var(--ast-global-color-5)","background-image":"","background-repeat":"repeat","background-position":"center center","background-size":"auto","background-attachment":"scroll","background-type":"","background-media":"","overlay-type":"","overlay-color":"","overlay-opacity":"","overlay-gradient":""},"tablet":{"background-color":"","background-image":"","background-repeat":"repeat","background-position":"center center","background-size":"auto","background-attachment":"scroll","background-type":"","background-media":"","overlay-type":"","overlay-color":"","overlay-opacity":"","overlay-gradient":""},"mobile":{"background-color":"","background-image":"","background-repeat":"repeat","background-position":"center center","background-size":"auto","background-attachment":"scroll","background-type":"","background-media":"","overlay-type":"","overlay-color":"","overlay-opacity":"","overlay-gradient":""}},"ast-content-background-meta":{"desktop":{"background-color":"var(--ast-global-color-4)","background-image":"","background-repeat":"repeat","background-position":"center center","background-size":"auto","background-attachment":"scroll","background-type":"","background-media":"","overlay-type":"","overlay-color":"","overlay-opacity":"","overlay-gradient":""},"tablet":{"background-color":"var(--ast-global-color-4)","background-image":"","background-repeat":"repeat","background-position":"center center","background-size":"auto","background-attachment":"scroll","background-type":"","background-media":"","overlay-type":"","overlay-color":"","overlay-opacity":"","overlay-gradient":""},"mobile":{"background-color":"var(--ast-global-color-4)","background-image":"","background-repeat":"repeat","background-position":"center center","background-size":"auto","background-attachment":"scroll","background-type":"","background-media":"","overlay-type":"","overlay-color":"","overlay-opacity":"","overlay-gradient":""}},"_glsr_average":0,"_glsr_ranking":0,"_glsr_reviews":0,"footnotes":""},"class_list":["post-669","page","type-page","status-publish","hentry"],"_links":{"self":[{"href":"https:\/\/propfirmpassnow.com\/is\/wp-json\/wp\/v2\/pages\/669","targetHints":{"allow":["GET"]}}],"collection":[{"href":"https:\/\/propfirmpassnow.com\/is\/wp-json\/wp\/v2\/pages"}],"about":[{"href":"https:\/\/propfirmpassnow.com\/is\/wp-json\/wp\/v2\/types\/page"}],"author":[{"embeddable":true,"href":"https:\/\/propfirmpassnow.com\/is\/wp-json\/wp\/v2\/users\/1"}],"replies":[{"embeddable":true,"href":"https:\/\/propfirmpassnow.com\/is\/wp-json\/wp\/v2\/comments?post=669"}],"version-history":[{"count":10,"href":"https:\/\/propfirmpassnow.com\/is\/wp-json\/wp\/v2\/pages\/669\/revisions"}],"predecessor-version":[{"id":972,"href":"https:\/\/propfirmpassnow.com\/is\/wp-json\/wp\/v2\/pages\/669\/revisions\/972"}],"wp:attachment":[{"href":"https:\/\/propfirmpassnow.com\/is\/wp-json\/wp\/v2\/media?parent=669"}],"curies":[{"name":"wp","href":"https:\/\/api.w.org\/{rel}","templated":true}]}}