{"id":662,"date":"2025-08-21T21:58:03","date_gmt":"2025-08-21T21:58:03","guid":{"rendered":"https:\/\/propfirmpassnow.com\/?page_id=662"},"modified":"2026-02-03T18:29:40","modified_gmt":"2026-02-03T18:29:40","slug":"atsakomybes-apribojimas","status":"publish","type":"page","link":"https:\/\/propfirmpassnow.com\/lt\/disclaimer\/","title":{"rendered":"Atsakomyb\u0117s apribojimas"},"content":{"rendered":"<div data-elementor-type=\"wp-page\" data-elementor-id=\"662\" class=\"elementor elementor-662\">\n\t\t\t\t<div class=\"elementor-element elementor-element-cf1199c e-flex e-con-boxed e-con e-parent\" data-id=\"cf1199c\" data-element_type=\"container\" data-settings=\"{&quot;background_background&quot;:&quot;classic&quot;}\">\n\t\t\t\t\t<div class=\"e-con-inner\">\n\t\t\t\t<div class=\"elementor-element elementor-element-04ddb3b elementor-widget elementor-widget-heading\" data-id=\"04ddb3b\" data-element_type=\"widget\" data-widget_type=\"heading.default\">\n\t\t\t\t<div class=\"elementor-widget-container\">\n\t\t\t\t\t<h1 class=\"elementor-heading-title elementor-size-default\">Atsakomyb\u0117s apribojimas<\/h1>\t\t\t\t<\/div>\n\t\t\t\t<\/div>\n\t\t\t\t\t<\/div>\n\t\t\t\t<\/div>\n\t\t<div class=\"elementor-element elementor-element-5db3bb2 e-flex e-con-boxed e-con e-parent\" data-id=\"5db3bb2\" data-element_type=\"container\">\n\t\t\t\t\t<div class=\"e-con-inner\">\n\t\t\t\t<div class=\"elementor-element elementor-element-af72a8c elementor-widget elementor-widget-text-editor\" data-id=\"af72a8c\" data-element_type=\"widget\" data-widget_type=\"text-editor.default\">\n\t\t\t\t<div class=\"elementor-widget-container\">\n\t\t\t\t\t\t\t\t\t<p>\u0160ioje svetain\u0117je ir PropFirmPassNow teikiamose paslaugose pateikiama informacija, turinys ir med\u017eiaga yra tik informacinio pob\u016bd\u017eio ir netur\u0117t\u0173 b\u016bti interpretuojama kaip finansin\u0117 konsultacija ar finansini\u0173 paslaug\u0173 pasi\u016blymas. PropFirmPassNow n\u0117ra licencijuotas finans\u0173 patar\u0117jas ir neteikia finansini\u0173 paslaug\u0173. Bet koks r\u0117mimasis PropFirmPassNow informacija atliekamas j\u016bs\u0173 pa\u010di\u0173 rizika. Primygtinai rekomenduojame prie\u0161 priimant bet kokius finansinius sprendimus pasikonsultuoti su profesionaliu finans\u0173 patar\u0117ju. PropFirmPassNow neprisiima atsakomyb\u0117s u\u017e bet kokius nuostolius ar \u017eal\u0105, patirt\u0105 naudojantis m\u016bs\u0173 svetaine ar paslaugomis.<br \/>Labai svarbu suprasti, kad mar\u017ein\u0117 prekyba u\u017esienio valiuta yra susijusi su didele rizika ir gali b\u016bti tinkama ne visiems investuotojams. Finansinio sverto naudojimas gali tur\u0117ti ir naudos, ir neigiamos \u012ftakos j\u016bs\u0173 investicijoms. Prie\u0161 investuodami \u012f u\u017esienio valiut\u0105, atid\u017eiai \u012fvertinkite savo investavimo tikslus, patirties lyg\u012f ir toleruojam\u0105 rizik\u0105. Jokia PropFirmPassNow paslauga ar informacija netur\u0117t\u0173 b\u016bti laikoma finansine konsultacija.<br \/>Be to, \"PropFirmPassNow\" n\u0117ra susijusi su jokia \u0161ioje svetain\u0117je pamin\u0117ta ar pristatyta nuosavyb\u0117s teise valdoma prekybos \u012fmone ir n\u0117ra jos remiama.<\/p>\t\t\t\t\t\t\t\t<\/div>\n\t\t\t\t<\/div>\n\t\t\t\t\t<\/div>\n\t\t\t\t<\/div>\n\t\t\t\t<\/div>","protected":false},"excerpt":{"rendered":"<p>Disclaimer This website and the services provided by PropFirmPassNow offer information, content, and materials solely for informational purposes and should [&hellip;]<\/p>\n","protected":false},"author":1,"featured_media":0,"parent":0,"menu_order":0,"comment_status":"closed","ping_status":"closed","template":"","meta":{"om_disable_all_campaigns":false,"_monsterinsights_skip_tracking":false,"_monsterinsights_sitenote_active":false,"_monsterinsights_sitenote_note":"","_monsterinsights_sitenote_category":0,"site-sidebar-layout":"no-sidebar","site-content-layout":"","ast-site-content-layout":"full-width-container","site-content-style":"default","site-sidebar-style":"default","ast-global-header-display":"","ast-banner-title-visibility":"","ast-main-header-display":"","ast-hfb-above-header-display":"","ast-hfb-below-header-display":"","ast-hfb-mobile-header-display":"","site-post-title":"","ast-breadcrumbs-content":"","ast-featured-img":"disabled","footer-sml-layout":"","theme-transparent-header-meta":"","adv-header-id-meta":"","stick-header-meta":"","header-above-stick-meta":"","header-main-stick-meta":"","header-below-stick-meta":"","astra-migrate-meta-layouts":"default","ast-page-background-enabled":"default","ast-page-background-meta":{"desktop":{"background-color":"var(--ast-global-color-5)","background-image":"","background-repeat":"repeat","background-position":"center center","background-size":"auto","background-attachment":"scroll","background-type":"","background-media":"","overlay-type":"","overlay-color":"","overlay-opacity":"","overlay-gradient":""},"tablet":{"background-color":"","background-image":"","background-repeat":"repeat","background-position":"center center","background-size":"auto","background-attachment":"scroll","background-type":"","background-media":"","overlay-type":"","overlay-color":"","overlay-opacity":"","overlay-gradient":""},"mobile":{"background-color":"","background-image":"","background-repeat":"repeat","background-position":"center center","background-size":"auto","background-attachment":"scroll","background-type":"","background-media":"","overlay-type":"","overlay-color":"","overlay-opacity":"","overlay-gradient":""}},"ast-content-background-meta":{"desktop":{"background-color":"var(--ast-global-color-4)","background-image":"","background-repeat":"repeat","background-position":"center center","background-size":"auto","background-attachment":"scroll","background-type":"","background-media":"","overlay-type":"","overlay-color":"","overlay-opacity":"","overlay-gradient":""},"tablet":{"background-color":"var(--ast-global-color-4)","background-image":"","background-repeat":"repeat","background-position":"center center","background-size":"auto","background-attachment":"scroll","background-type":"","background-media":"","overlay-type":"","overlay-color":"","overlay-opacity":"","overlay-gradient":""},"mobile":{"background-color":"var(--ast-global-color-4)","background-image":"","background-repeat":"repeat","background-position":"center center","background-size":"auto","background-attachment":"scroll","background-type":"","background-media":"","overlay-type":"","overlay-color":"","overlay-opacity":"","overlay-gradient":""}},"_glsr_average":0,"_glsr_ranking":0,"_glsr_reviews":0,"footnotes":""},"class_list":["post-662","page","type-page","status-publish","hentry"],"_links":{"self":[{"href":"https:\/\/propfirmpassnow.com\/lt\/wp-json\/wp\/v2\/pages\/662","targetHints":{"allow":["GET"]}}],"collection":[{"href":"https:\/\/propfirmpassnow.com\/lt\/wp-json\/wp\/v2\/pages"}],"about":[{"href":"https:\/\/propfirmpassnow.com\/lt\/wp-json\/wp\/v2\/types\/page"}],"author":[{"embeddable":true,"href":"https:\/\/propfirmpassnow.com\/lt\/wp-json\/wp\/v2\/users\/1"}],"replies":[{"embeddable":true,"href":"https:\/\/propfirmpassnow.com\/lt\/wp-json\/wp\/v2\/comments?post=662"}],"version-history":[{"count":10,"href":"https:\/\/propfirmpassnow.com\/lt\/wp-json\/wp\/v2\/pages\/662\/revisions"}],"predecessor-version":[{"id":965,"href":"https:\/\/propfirmpassnow.com\/lt\/wp-json\/wp\/v2\/pages\/662\/revisions\/965"}],"wp:attachment":[{"href":"https:\/\/propfirmpassnow.com\/lt\/wp-json\/wp\/v2\/media?parent=662"}],"curies":[{"name":"wp","href":"https:\/\/api.w.org\/{rel}","templated":true}]}}