{"id":669,"date":"2025-08-21T22:08:14","date_gmt":"2025-08-21T22:08:14","guid":{"rendered":"https:\/\/propfirmpassnow.com\/?page_id=669"},"modified":"2026-02-28T17:46:28","modified_gmt":"2026-02-28T17:46:28","slug":"politica-de-reembolso","status":"publish","type":"page","link":"https:\/\/propfirmpassnow.com\/pt\/refund-policy\/","title":{"rendered":"Pol\u00edtica de reembolso"},"content":{"rendered":"<div data-elementor-type=\"wp-page\" data-elementor-id=\"669\" class=\"elementor elementor-669\">\n\t\t\t\t<div class=\"elementor-element elementor-element-4cf607c e-flex e-con-boxed e-con e-parent\" data-id=\"4cf607c\" data-element_type=\"container\" data-settings=\"{&quot;background_background&quot;:&quot;classic&quot;}\">\n\t\t\t\t\t<div class=\"e-con-inner\">\n\t\t\t\t<div class=\"elementor-element elementor-element-00992e9 elementor-widget elementor-widget-heading\" data-id=\"00992e9\" data-element_type=\"widget\" data-widget_type=\"heading.default\">\n\t\t\t\t<div class=\"elementor-widget-container\">\n\t\t\t\t\t<h1 class=\"elementor-heading-title elementor-size-default\">Pol\u00edtica de reembolso<\/h1>\t\t\t\t<\/div>\n\t\t\t\t<\/div>\n\t\t\t\t\t<\/div>\n\t\t\t\t<\/div>\n\t\t<div class=\"elementor-element elementor-element-04f876e e-flex e-con-boxed e-con e-parent\" data-id=\"04f876e\" data-element_type=\"container\">\n\t\t\t\t\t<div class=\"e-con-inner\">\n\t\t\t\t<div class=\"elementor-element elementor-element-044690e elementor-widget elementor-widget-text-editor\" data-id=\"044690e\" data-element_type=\"widget\" data-widget_type=\"text-editor.default\">\n\t\t\t\t<div class=\"elementor-widget-container\">\n\t\t\t\t\t\t\t\t\t<p>O PropFirmPassNow construiu uma forte reputa\u00e7\u00e3o por prestar servi\u00e7os de excel\u00eancia e dedicamo-nos a garantir a satisfa\u00e7\u00e3o total do cliente. No caso raro de qualquer falha de comunica\u00e7\u00e3o ou conclus\u00e3o mal sucedida do desafio, o PropFirmPassNow oferece um reembolso total aos nossos valiosos clientes. \u00c9 digno de nota o facto de termos recebido apenas dois pedidos de reembolso recentemente, o que real\u00e7a a qualidade excecional dos nossos servi\u00e7os.<br \/>Para al\u00e9m disso, a PropFirmPassNow oferece repeti\u00e7\u00f5es gratuitas para os clientes que necessitem de mais tentativas para passar com sucesso os seus desafios. Tamb\u00e9m apreciamos os nossos clientes recorrentes e oferecemos-lhes um desconto generoso, juntamente com a op\u00e7\u00e3o de pagar as taxas de contesta\u00e7\u00e3o em duas presta\u00e7\u00f5es f\u00e1ceis.<br \/>Para al\u00e9m disso, ao completar com sucesso o seu desafio com a PropFirmPassNow, oferecemos um servi\u00e7o opcional de negocia\u00e7\u00e3o de contas que funciona numa base de partilha de lucros, sem taxas iniciais necess\u00e1rias. Apenas os indiv\u00edduos que passaram com sucesso os seus desafios com PropFirmPassNow s\u00e3o obrigados a pagar taxas de desafio.<\/p>\t\t\t\t\t\t\t\t<\/div>\n\t\t\t\t<\/div>\n\t\t\t\t\t<\/div>\n\t\t\t\t<\/div>\n\t\t\t\t<\/div>","protected":false},"excerpt":{"rendered":"<p>Refund Policy PropFirmPassNow has built a strong reputation for delivering outstanding services, and we are dedicated to ensuring complete customer [&hellip;]<\/p>\n","protected":false},"author":1,"featured_media":0,"parent":0,"menu_order":0,"comment_status":"closed","ping_status":"closed","template":"","meta":{"om_disable_all_campaigns":false,"_monsterinsights_skip_tracking":false,"_monsterinsights_sitenote_active":false,"_monsterinsights_sitenote_note":"","_monsterinsights_sitenote_category":0,"site-sidebar-layout":"no-sidebar","site-content-layout":"","ast-site-content-layout":"full-width-container","site-content-style":"default","site-sidebar-style":"default","ast-global-header-display":"","ast-banner-title-visibility":"","ast-main-header-display":"","ast-hfb-above-header-display":"","ast-hfb-below-header-display":"","ast-hfb-mobile-header-display":"","site-post-title":"","ast-breadcrumbs-content":"","ast-featured-img":"disabled","footer-sml-layout":"","theme-transparent-header-meta":"","adv-header-id-meta":"","stick-header-meta":"","header-above-stick-meta":"","header-main-stick-meta":"","header-below-stick-meta":"","astra-migrate-meta-layouts":"default","ast-page-background-enabled":"default","ast-page-background-meta":{"desktop":{"background-color":"var(--ast-global-color-5)","background-image":"","background-repeat":"repeat","background-position":"center center","background-size":"auto","background-attachment":"scroll","background-type":"","background-media":"","overlay-type":"","overlay-color":"","overlay-opacity":"","overlay-gradient":""},"tablet":{"background-color":"","background-image":"","background-repeat":"repeat","background-position":"center center","background-size":"auto","background-attachment":"scroll","background-type":"","background-media":"","overlay-type":"","overlay-color":"","overlay-opacity":"","overlay-gradient":""},"mobile":{"background-color":"","background-image":"","background-repeat":"repeat","background-position":"center center","background-size":"auto","background-attachment":"scroll","background-type":"","background-media":"","overlay-type":"","overlay-color":"","overlay-opacity":"","overlay-gradient":""}},"ast-content-background-meta":{"desktop":{"background-color":"var(--ast-global-color-4)","background-image":"","background-repeat":"repeat","background-position":"center center","background-size":"auto","background-attachment":"scroll","background-type":"","background-media":"","overlay-type":"","overlay-color":"","overlay-opacity":"","overlay-gradient":""},"tablet":{"background-color":"var(--ast-global-color-4)","background-image":"","background-repeat":"repeat","background-position":"center center","background-size":"auto","background-attachment":"scroll","background-type":"","background-media":"","overlay-type":"","overlay-color":"","overlay-opacity":"","overlay-gradient":""},"mobile":{"background-color":"var(--ast-global-color-4)","background-image":"","background-repeat":"repeat","background-position":"center center","background-size":"auto","background-attachment":"scroll","background-type":"","background-media":"","overlay-type":"","overlay-color":"","overlay-opacity":"","overlay-gradient":""}},"_glsr_average":0,"_glsr_ranking":0,"_glsr_reviews":0,"footnotes":""},"class_list":["post-669","page","type-page","status-publish","hentry"],"_links":{"self":[{"href":"https:\/\/propfirmpassnow.com\/pt\/wp-json\/wp\/v2\/pages\/669","targetHints":{"allow":["GET"]}}],"collection":[{"href":"https:\/\/propfirmpassnow.com\/pt\/wp-json\/wp\/v2\/pages"}],"about":[{"href":"https:\/\/propfirmpassnow.com\/pt\/wp-json\/wp\/v2\/types\/page"}],"author":[{"embeddable":true,"href":"https:\/\/propfirmpassnow.com\/pt\/wp-json\/wp\/v2\/users\/1"}],"replies":[{"embeddable":true,"href":"https:\/\/propfirmpassnow.com\/pt\/wp-json\/wp\/v2\/comments?post=669"}],"version-history":[{"count":10,"href":"https:\/\/propfirmpassnow.com\/pt\/wp-json\/wp\/v2\/pages\/669\/revisions"}],"predecessor-version":[{"id":972,"href":"https:\/\/propfirmpassnow.com\/pt\/wp-json\/wp\/v2\/pages\/669\/revisions\/972"}],"wp:attachment":[{"href":"https:\/\/propfirmpassnow.com\/pt\/wp-json\/wp\/v2\/media?parent=669"}],"curies":[{"name":"wp","href":"https:\/\/api.w.org\/{rel}","templated":true}]}}