{"id":662,"date":"2025-08-21T21:58:03","date_gmt":"2025-08-21T21:58:03","guid":{"rendered":"https:\/\/propfirmpassnow.com\/?page_id=662"},"modified":"2026-02-03T18:29:40","modified_gmt":"2026-02-03T18:29:40","slug":"exonerare-de-raspundere","status":"publish","type":"page","link":"https:\/\/propfirmpassnow.com\/ro\/disclaimer\/","title":{"rendered":"Disclaimer"},"content":{"rendered":"<div data-elementor-type=\"wp-page\" data-elementor-id=\"662\" class=\"elementor elementor-662\">\n\t\t\t\t<div class=\"elementor-element elementor-element-cf1199c e-flex e-con-boxed e-con e-parent\" data-id=\"cf1199c\" data-element_type=\"container\" data-settings=\"{&quot;background_background&quot;:&quot;classic&quot;}\">\n\t\t\t\t\t<div class=\"e-con-inner\">\n\t\t\t\t<div class=\"elementor-element elementor-element-04ddb3b elementor-widget elementor-widget-heading\" data-id=\"04ddb3b\" data-element_type=\"widget\" data-widget_type=\"heading.default\">\n\t\t\t\t<div class=\"elementor-widget-container\">\n\t\t\t\t\t<h1 class=\"elementor-heading-title elementor-size-default\">Disclaimer<\/h1>\t\t\t\t<\/div>\n\t\t\t\t<\/div>\n\t\t\t\t\t<\/div>\n\t\t\t\t<\/div>\n\t\t<div class=\"elementor-element elementor-element-5db3bb2 e-flex e-con-boxed e-con e-parent\" data-id=\"5db3bb2\" data-element_type=\"container\">\n\t\t\t\t\t<div class=\"e-con-inner\">\n\t\t\t\t<div class=\"elementor-element elementor-element-af72a8c elementor-widget elementor-widget-text-editor\" data-id=\"af72a8c\" data-element_type=\"widget\" data-widget_type=\"text-editor.default\">\n\t\t\t\t<div class=\"elementor-widget-container\">\n\t\t\t\t\t\t\t\t\t<p>Acest site web \u0219i serviciile furnizate de PropFirmPassNow ofer\u0103 informa\u021bii, con\u021binut \u0219i materiale exclusiv \u00een scop informativ \u0219i nu trebuie interpretate drept consultan\u021b\u0103 financiar\u0103 sau o ofert\u0103 de servicii financiare. PropFirmPassNow nu este un consilier financiar autorizat \u0219i nu furnizeaz\u0103 servicii financiare. Orice \u00eencredere \u00een informa\u021biile de la PropFirmPassNow se face pe propriul risc. V\u0103 recomand\u0103m insistent s\u0103 consulta\u021bi un consilier financiar profesionist \u00eenainte de a lua orice decizie financiar\u0103. PropFirmPassNow nu \u00ee\u0219i asum\u0103 r\u0103spunderea pentru nicio pierdere sau daun\u0103 rezultat\u0103 din utilizarea site-ului sau a serviciilor noastre.<br \/>Este esen\u021bial s\u0103 \u00een\u021belege\u021bi c\u0103 tranzac\u021bionarea de valut\u0103 \u00een marj\u0103 implic\u0103 un nivel ridicat de risc \u0219i poate s\u0103 nu fie potrivit\u0103 pentru to\u021bi investitorii. Utilizarea efectului de levier poate avea at\u00e2t beneficii, c\u00e2t \u0219i un impact negativ asupra investi\u021biilor dumneavoastr\u0103. \u00cenainte de a investi \u00een schimbul valutar, evalua\u021bi-v\u0103 cu aten\u021bie obiectivele de investi\u021bii, nivelul de experien\u021b\u0103 \u0219i toleran\u021ba la risc. Niciunul dintre serviciile sau informa\u021biile de la PropFirmPassNow nu trebuie considerate consultan\u021b\u0103 financiar\u0103.<br \/>\u00cen plus, PropFirmPassNow nu este afiliat\u0103 sau aprobat\u0103 de nicio firm\u0103 de tranzac\u021bionare proprietar\u0103 men\u021bionat\u0103 sau prezentat\u0103 pe acest site.<\/p>\t\t\t\t\t\t\t\t<\/div>\n\t\t\t\t<\/div>\n\t\t\t\t\t<\/div>\n\t\t\t\t<\/div>\n\t\t\t\t<\/div>","protected":false},"excerpt":{"rendered":"<p>Disclaimer This website and the services provided by PropFirmPassNow offer information, content, and materials solely for informational purposes and should [&hellip;]<\/p>\n","protected":false},"author":1,"featured_media":0,"parent":0,"menu_order":0,"comment_status":"closed","ping_status":"closed","template":"","meta":{"om_disable_all_campaigns":false,"_monsterinsights_skip_tracking":false,"_monsterinsights_sitenote_active":false,"_monsterinsights_sitenote_note":"","_monsterinsights_sitenote_category":0,"site-sidebar-layout":"no-sidebar","site-content-layout":"","ast-site-content-layout":"full-width-container","site-content-style":"default","site-sidebar-style":"default","ast-global-header-display":"","ast-banner-title-visibility":"","ast-main-header-display":"","ast-hfb-above-header-display":"","ast-hfb-below-header-display":"","ast-hfb-mobile-header-display":"","site-post-title":"","ast-breadcrumbs-content":"","ast-featured-img":"disabled","footer-sml-layout":"","theme-transparent-header-meta":"","adv-header-id-meta":"","stick-header-meta":"","header-above-stick-meta":"","header-main-stick-meta":"","header-below-stick-meta":"","astra-migrate-meta-layouts":"default","ast-page-background-enabled":"default","ast-page-background-meta":{"desktop":{"background-color":"var(--ast-global-color-5)","background-image":"","background-repeat":"repeat","background-position":"center center","background-size":"auto","background-attachment":"scroll","background-type":"","background-media":"","overlay-type":"","overlay-color":"","overlay-opacity":"","overlay-gradient":""},"tablet":{"background-color":"","background-image":"","background-repeat":"repeat","background-position":"center center","background-size":"auto","background-attachment":"scroll","background-type":"","background-media":"","overlay-type":"","overlay-color":"","overlay-opacity":"","overlay-gradient":""},"mobile":{"background-color":"","background-image":"","background-repeat":"repeat","background-position":"center center","background-size":"auto","background-attachment":"scroll","background-type":"","background-media":"","overlay-type":"","overlay-color":"","overlay-opacity":"","overlay-gradient":""}},"ast-content-background-meta":{"desktop":{"background-color":"var(--ast-global-color-4)","background-image":"","background-repeat":"repeat","background-position":"center center","background-size":"auto","background-attachment":"scroll","background-type":"","background-media":"","overlay-type":"","overlay-color":"","overlay-opacity":"","overlay-gradient":""},"tablet":{"background-color":"var(--ast-global-color-4)","background-image":"","background-repeat":"repeat","background-position":"center center","background-size":"auto","background-attachment":"scroll","background-type":"","background-media":"","overlay-type":"","overlay-color":"","overlay-opacity":"","overlay-gradient":""},"mobile":{"background-color":"var(--ast-global-color-4)","background-image":"","background-repeat":"repeat","background-position":"center center","background-size":"auto","background-attachment":"scroll","background-type":"","background-media":"","overlay-type":"","overlay-color":"","overlay-opacity":"","overlay-gradient":""}},"_glsr_average":0,"_glsr_ranking":0,"_glsr_reviews":0,"footnotes":""},"class_list":["post-662","page","type-page","status-publish","hentry"],"_links":{"self":[{"href":"https:\/\/propfirmpassnow.com\/ro\/wp-json\/wp\/v2\/pages\/662","targetHints":{"allow":["GET"]}}],"collection":[{"href":"https:\/\/propfirmpassnow.com\/ro\/wp-json\/wp\/v2\/pages"}],"about":[{"href":"https:\/\/propfirmpassnow.com\/ro\/wp-json\/wp\/v2\/types\/page"}],"author":[{"embeddable":true,"href":"https:\/\/propfirmpassnow.com\/ro\/wp-json\/wp\/v2\/users\/1"}],"replies":[{"embeddable":true,"href":"https:\/\/propfirmpassnow.com\/ro\/wp-json\/wp\/v2\/comments?post=662"}],"version-history":[{"count":10,"href":"https:\/\/propfirmpassnow.com\/ro\/wp-json\/wp\/v2\/pages\/662\/revisions"}],"predecessor-version":[{"id":965,"href":"https:\/\/propfirmpassnow.com\/ro\/wp-json\/wp\/v2\/pages\/662\/revisions\/965"}],"wp:attachment":[{"href":"https:\/\/propfirmpassnow.com\/ro\/wp-json\/wp\/v2\/media?parent=662"}],"curies":[{"name":"wp","href":"https:\/\/api.w.org\/{rel}","templated":true}]}}