{"id":669,"date":"2025-08-21T22:08:14","date_gmt":"2025-08-21T22:08:14","guid":{"rendered":"https:\/\/propfirmpassnow.com\/?page_id=669"},"modified":"2026-02-28T17:46:28","modified_gmt":"2026-02-28T17:46:28","slug":"politica-de-rambursare","status":"publish","type":"page","link":"https:\/\/propfirmpassnow.com\/ro\/refund-policy\/","title":{"rendered":"Politica de rambursare"},"content":{"rendered":"<div data-elementor-type=\"wp-page\" data-elementor-id=\"669\" class=\"elementor elementor-669\">\n\t\t\t\t<div class=\"elementor-element elementor-element-4cf607c e-flex e-con-boxed e-con e-parent\" data-id=\"4cf607c\" data-element_type=\"container\" data-settings=\"{&quot;background_background&quot;:&quot;classic&quot;}\">\n\t\t\t\t\t<div class=\"e-con-inner\">\n\t\t\t\t<div class=\"elementor-element elementor-element-00992e9 elementor-widget elementor-widget-heading\" data-id=\"00992e9\" data-element_type=\"widget\" data-widget_type=\"heading.default\">\n\t\t\t\t<div class=\"elementor-widget-container\">\n\t\t\t\t\t<h1 class=\"elementor-heading-title elementor-size-default\">Politica de rambursare<\/h1>\t\t\t\t<\/div>\n\t\t\t\t<\/div>\n\t\t\t\t\t<\/div>\n\t\t\t\t<\/div>\n\t\t<div class=\"elementor-element elementor-element-04f876e e-flex e-con-boxed e-con e-parent\" data-id=\"04f876e\" data-element_type=\"container\">\n\t\t\t\t\t<div class=\"e-con-inner\">\n\t\t\t\t<div class=\"elementor-element elementor-element-044690e elementor-widget elementor-widget-text-editor\" data-id=\"044690e\" data-element_type=\"widget\" data-widget_type=\"text-editor.default\">\n\t\t\t\t<div class=\"elementor-widget-container\">\n\t\t\t\t\t\t\t\t\t<p>PropFirmPassNow \u0219i-a construit o reputa\u021bie solid\u0103 pentru furnizarea de servicii remarcabile \u0219i suntem dedica\u021bi asigur\u0103rii satisfac\u021biei complete a clien\u021bilor. \u00cen cazul rar al oric\u0103rei erori de comunicare sau al finaliz\u0103rii nereu\u0219ite a provoc\u0103rii, PropFirmPassNow ofer\u0103 o rambursare complet\u0103 clien\u021bilor no\u0219tri valoro\u0219i. Este demn de remarcat faptul c\u0103 am primit doar dou\u0103 cereri de rambursare recent, ceea ce eviden\u021biaz\u0103 calitatea excep\u021bional\u0103 a serviciilor noastre.<br \/>\u00cen plus, PropFirmPassNow ofer\u0103 relu\u0103ri gratuite pentru clien\u021bii care au nevoie de \u00eencerc\u0103ri suplimentare pentru a-\u0219i trece cu succes provoc\u0103rile. De asemenea, apreciem clien\u021bii no\u0219tri fideli \u0219i le oferim o reducere generoas\u0103, \u00eempreun\u0103 cu op\u021biunea de a pl\u0103ti taxele de provocare \u00een dou\u0103 rate u\u0219oare.<br \/>\u00cen plus, dup\u0103 finalizarea cu succes a provoc\u0103rii cu PropFirmPassNow, oferim un serviciu op\u021bional de tranzac\u021bionare a contului care func\u021bioneaz\u0103 pe baza partaj\u0103rii profitului, f\u0103r\u0103 a fi necesare taxe ini\u021biale. Numai persoanele care au trecut cu succes provoc\u0103rile cu PropFirmPassNow sunt obligate s\u0103 pl\u0103teasc\u0103 taxe de provocare.<\/p>\t\t\t\t\t\t\t\t<\/div>\n\t\t\t\t<\/div>\n\t\t\t\t\t<\/div>\n\t\t\t\t<\/div>\n\t\t\t\t<\/div>","protected":false},"excerpt":{"rendered":"<p>Refund Policy PropFirmPassNow has built a strong reputation for delivering outstanding services, and we are dedicated to ensuring complete customer [&hellip;]<\/p>\n","protected":false},"author":1,"featured_media":0,"parent":0,"menu_order":0,"comment_status":"closed","ping_status":"closed","template":"","meta":{"om_disable_all_campaigns":false,"_monsterinsights_skip_tracking":false,"_monsterinsights_sitenote_active":false,"_monsterinsights_sitenote_note":"","_monsterinsights_sitenote_category":0,"site-sidebar-layout":"no-sidebar","site-content-layout":"","ast-site-content-layout":"full-width-container","site-content-style":"default","site-sidebar-style":"default","ast-global-header-display":"","ast-banner-title-visibility":"","ast-main-header-display":"","ast-hfb-above-header-display":"","ast-hfb-below-header-display":"","ast-hfb-mobile-header-display":"","site-post-title":"","ast-breadcrumbs-content":"","ast-featured-img":"disabled","footer-sml-layout":"","theme-transparent-header-meta":"","adv-header-id-meta":"","stick-header-meta":"","header-above-stick-meta":"","header-main-stick-meta":"","header-below-stick-meta":"","astra-migrate-meta-layouts":"default","ast-page-background-enabled":"default","ast-page-background-meta":{"desktop":{"background-color":"var(--ast-global-color-5)","background-image":"","background-repeat":"repeat","background-position":"center center","background-size":"auto","background-attachment":"scroll","background-type":"","background-media":"","overlay-type":"","overlay-color":"","overlay-opacity":"","overlay-gradient":""},"tablet":{"background-color":"","background-image":"","background-repeat":"repeat","background-position":"center center","background-size":"auto","background-attachment":"scroll","background-type":"","background-media":"","overlay-type":"","overlay-color":"","overlay-opacity":"","overlay-gradient":""},"mobile":{"background-color":"","background-image":"","background-repeat":"repeat","background-position":"center center","background-size":"auto","background-attachment":"scroll","background-type":"","background-media":"","overlay-type":"","overlay-color":"","overlay-opacity":"","overlay-gradient":""}},"ast-content-background-meta":{"desktop":{"background-color":"var(--ast-global-color-4)","background-image":"","background-repeat":"repeat","background-position":"center center","background-size":"auto","background-attachment":"scroll","background-type":"","background-media":"","overlay-type":"","overlay-color":"","overlay-opacity":"","overlay-gradient":""},"tablet":{"background-color":"var(--ast-global-color-4)","background-image":"","background-repeat":"repeat","background-position":"center center","background-size":"auto","background-attachment":"scroll","background-type":"","background-media":"","overlay-type":"","overlay-color":"","overlay-opacity":"","overlay-gradient":""},"mobile":{"background-color":"var(--ast-global-color-4)","background-image":"","background-repeat":"repeat","background-position":"center center","background-size":"auto","background-attachment":"scroll","background-type":"","background-media":"","overlay-type":"","overlay-color":"","overlay-opacity":"","overlay-gradient":""}},"_glsr_average":0,"_glsr_ranking":0,"_glsr_reviews":0,"footnotes":""},"class_list":["post-669","page","type-page","status-publish","hentry"],"_links":{"self":[{"href":"https:\/\/propfirmpassnow.com\/ro\/wp-json\/wp\/v2\/pages\/669","targetHints":{"allow":["GET"]}}],"collection":[{"href":"https:\/\/propfirmpassnow.com\/ro\/wp-json\/wp\/v2\/pages"}],"about":[{"href":"https:\/\/propfirmpassnow.com\/ro\/wp-json\/wp\/v2\/types\/page"}],"author":[{"embeddable":true,"href":"https:\/\/propfirmpassnow.com\/ro\/wp-json\/wp\/v2\/users\/1"}],"replies":[{"embeddable":true,"href":"https:\/\/propfirmpassnow.com\/ro\/wp-json\/wp\/v2\/comments?post=669"}],"version-history":[{"count":10,"href":"https:\/\/propfirmpassnow.com\/ro\/wp-json\/wp\/v2\/pages\/669\/revisions"}],"predecessor-version":[{"id":972,"href":"https:\/\/propfirmpassnow.com\/ro\/wp-json\/wp\/v2\/pages\/669\/revisions\/972"}],"wp:attachment":[{"href":"https:\/\/propfirmpassnow.com\/ro\/wp-json\/wp\/v2\/media?parent=669"}],"curies":[{"name":"wp","href":"https:\/\/api.w.org\/{rel}","templated":true}]}}