{"id":662,"date":"2025-08-21T21:58:03","date_gmt":"2025-08-21T21:58:03","guid":{"rendered":"https:\/\/propfirmpassnow.com\/?page_id=662"},"modified":"2026-02-03T18:29:40","modified_gmt":"2026-02-03T18:29:40","slug":"mohim-pergjegjesie","status":"publish","type":"page","link":"https:\/\/propfirmpassnow.com\/sq\/disclaimer\/","title":{"rendered":"Mohim p\u00ebrgjegj\u00ebsie"},"content":{"rendered":"<div data-elementor-type=\"wp-page\" data-elementor-id=\"662\" class=\"elementor elementor-662\">\n\t\t\t\t<div class=\"elementor-element elementor-element-cf1199c e-flex e-con-boxed e-con e-parent\" data-id=\"cf1199c\" data-element_type=\"container\" data-settings=\"{&quot;background_background&quot;:&quot;classic&quot;}\">\n\t\t\t\t\t<div class=\"e-con-inner\">\n\t\t\t\t<div class=\"elementor-element elementor-element-04ddb3b elementor-widget elementor-widget-heading\" data-id=\"04ddb3b\" data-element_type=\"widget\" data-widget_type=\"heading.default\">\n\t\t\t\t<div class=\"elementor-widget-container\">\n\t\t\t\t\t<h1 class=\"elementor-heading-title elementor-size-default\">Mohim p\u00ebrgjegj\u00ebsie<\/h1>\t\t\t\t<\/div>\n\t\t\t\t<\/div>\n\t\t\t\t\t<\/div>\n\t\t\t\t<\/div>\n\t\t<div class=\"elementor-element elementor-element-5db3bb2 e-flex e-con-boxed e-con e-parent\" data-id=\"5db3bb2\" data-element_type=\"container\">\n\t\t\t\t\t<div class=\"e-con-inner\">\n\t\t\t\t<div class=\"elementor-element elementor-element-af72a8c elementor-widget elementor-widget-text-editor\" data-id=\"af72a8c\" data-element_type=\"widget\" data-widget_type=\"text-editor.default\">\n\t\t\t\t<div class=\"elementor-widget-container\">\n\t\t\t\t\t\t\t\t\t<p>Kjo faqe interneti dhe sh\u00ebrbimet e ofruara nga PropFirmPassNow ofrojn\u00eb informacion, p\u00ebrmbajtje dhe materiale vet\u00ebm p\u00ebr q\u00ebllime informative dhe nuk duhet t\u00eb interpretohen si k\u00ebshilla financiare ose nj\u00eb ofert\u00eb sh\u00ebrbimesh financiare. PropFirmPassNow nuk \u00ebsht\u00eb nj\u00eb k\u00ebshilltar financiar i licencuar dhe nuk ofron sh\u00ebrbime financiare. \u00c7do mb\u00ebshtetje n\u00eb informacionin nga PropFirmPassNow b\u00ebhet me rrezikun tuaj. Ne ju rekomandojm\u00eb fuqimisht t\u00eb konsultoheni me nj\u00eb k\u00ebshilltar financiar profesional p\u00ebrpara se t\u00eb merrni ndonj\u00eb vendim financiar. PropFirmPassNow nuk mban p\u00ebrgjegj\u00ebsi p\u00ebr ndonj\u00eb humbje ose d\u00ebmtim q\u00eb vjen nga p\u00ebrdorimi i faqes son\u00eb t\u00eb internetit ose sh\u00ebrbimeve.<br \/>\u00cbsht\u00eb thelb\u00ebsore t\u00eb kuptohet se tregtimi i valutave t\u00eb huaja me marzh mbart nj\u00eb nivel t\u00eb lart\u00eb rreziku dhe mund t\u00eb mos jet\u00eb i p\u00ebrshtatsh\u00ebm p\u00ebr t\u00eb gjith\u00eb investitor\u00ebt. P\u00ebrdorimi i levave mund t\u00eb sjell\u00eb p\u00ebrfitime dhe t\u00eb ndikoj\u00eb negativisht n\u00eb investimet tuaja. Para se t\u00eb investoni n\u00eb valut\u00eb t\u00eb huaj, vler\u00ebsoni me kujdes q\u00ebllimet tuaja t\u00eb investimit, nivelin e p\u00ebrvoj\u00ebs dhe toleranc\u00ebn ndaj rrezikut. Asnj\u00eb nga sh\u00ebrbimet ose informacionet nga PropFirmPassNow nuk duhet t\u00eb konsiderohet k\u00ebshill\u00eb financiare.<br \/>P\u00ebr m\u00eb tep\u00ebr, PropFirmPassNow nuk \u00ebsht\u00eb e lidhur ose e miratuar nga asnj\u00eb firm\u00eb tregtare pron\u00ebsore e p\u00ebrmendur ose e paraqitur n\u00eb k\u00ebt\u00eb faqe interneti.<\/p>\t\t\t\t\t\t\t\t<\/div>\n\t\t\t\t<\/div>\n\t\t\t\t\t<\/div>\n\t\t\t\t<\/div>\n\t\t\t\t<\/div>","protected":false},"excerpt":{"rendered":"<p>Disclaimer This website and the services provided by PropFirmPassNow offer information, content, and materials solely for informational purposes and should [&hellip;]<\/p>\n","protected":false},"author":1,"featured_media":0,"parent":0,"menu_order":0,"comment_status":"closed","ping_status":"closed","template":"","meta":{"om_disable_all_campaigns":false,"_monsterinsights_skip_tracking":false,"_monsterinsights_sitenote_active":false,"_monsterinsights_sitenote_note":"","_monsterinsights_sitenote_category":0,"site-sidebar-layout":"no-sidebar","site-content-layout":"","ast-site-content-layout":"full-width-container","site-content-style":"default","site-sidebar-style":"default","ast-global-header-display":"","ast-banner-title-visibility":"","ast-main-header-display":"","ast-hfb-above-header-display":"","ast-hfb-below-header-display":"","ast-hfb-mobile-header-display":"","site-post-title":"","ast-breadcrumbs-content":"","ast-featured-img":"disabled","footer-sml-layout":"","theme-transparent-header-meta":"","adv-header-id-meta":"","stick-header-meta":"","header-above-stick-meta":"","header-main-stick-meta":"","header-below-stick-meta":"","astra-migrate-meta-layouts":"default","ast-page-background-enabled":"default","ast-page-background-meta":{"desktop":{"background-color":"var(--ast-global-color-5)","background-image":"","background-repeat":"repeat","background-position":"center center","background-size":"auto","background-attachment":"scroll","background-type":"","background-media":"","overlay-type":"","overlay-color":"","overlay-opacity":"","overlay-gradient":""},"tablet":{"background-color":"","background-image":"","background-repeat":"repeat","background-position":"center center","background-size":"auto","background-attachment":"scroll","background-type":"","background-media":"","overlay-type":"","overlay-color":"","overlay-opacity":"","overlay-gradient":""},"mobile":{"background-color":"","background-image":"","background-repeat":"repeat","background-position":"center center","background-size":"auto","background-attachment":"scroll","background-type":"","background-media":"","overlay-type":"","overlay-color":"","overlay-opacity":"","overlay-gradient":""}},"ast-content-background-meta":{"desktop":{"background-color":"var(--ast-global-color-4)","background-image":"","background-repeat":"repeat","background-position":"center center","background-size":"auto","background-attachment":"scroll","background-type":"","background-media":"","overlay-type":"","overlay-color":"","overlay-opacity":"","overlay-gradient":""},"tablet":{"background-color":"var(--ast-global-color-4)","background-image":"","background-repeat":"repeat","background-position":"center center","background-size":"auto","background-attachment":"scroll","background-type":"","background-media":"","overlay-type":"","overlay-color":"","overlay-opacity":"","overlay-gradient":""},"mobile":{"background-color":"var(--ast-global-color-4)","background-image":"","background-repeat":"repeat","background-position":"center center","background-size":"auto","background-attachment":"scroll","background-type":"","background-media":"","overlay-type":"","overlay-color":"","overlay-opacity":"","overlay-gradient":""}},"_glsr_average":0,"_glsr_ranking":0,"_glsr_reviews":0,"footnotes":""},"class_list":["post-662","page","type-page","status-publish","hentry"],"_links":{"self":[{"href":"https:\/\/propfirmpassnow.com\/sq\/wp-json\/wp\/v2\/pages\/662","targetHints":{"allow":["GET"]}}],"collection":[{"href":"https:\/\/propfirmpassnow.com\/sq\/wp-json\/wp\/v2\/pages"}],"about":[{"href":"https:\/\/propfirmpassnow.com\/sq\/wp-json\/wp\/v2\/types\/page"}],"author":[{"embeddable":true,"href":"https:\/\/propfirmpassnow.com\/sq\/wp-json\/wp\/v2\/users\/1"}],"replies":[{"embeddable":true,"href":"https:\/\/propfirmpassnow.com\/sq\/wp-json\/wp\/v2\/comments?post=662"}],"version-history":[{"count":10,"href":"https:\/\/propfirmpassnow.com\/sq\/wp-json\/wp\/v2\/pages\/662\/revisions"}],"predecessor-version":[{"id":965,"href":"https:\/\/propfirmpassnow.com\/sq\/wp-json\/wp\/v2\/pages\/662\/revisions\/965"}],"wp:attachment":[{"href":"https:\/\/propfirmpassnow.com\/sq\/wp-json\/wp\/v2\/media?parent=662"}],"curies":[{"name":"wp","href":"https:\/\/api.w.org\/{rel}","templated":true}]}}