{"id":669,"date":"2025-08-21T22:08:14","date_gmt":"2025-08-21T22:08:14","guid":{"rendered":"https:\/\/propfirmpassnow.com\/?page_id=669"},"modified":"2026-02-28T17:46:28","modified_gmt":"2026-02-28T17:46:28","slug":"politika-e-rimbursimit","status":"publish","type":"page","link":"https:\/\/propfirmpassnow.com\/sq\/refund-policy\/","title":{"rendered":"Politika e Rimbursimit"},"content":{"rendered":"<div data-elementor-type=\"wp-page\" data-elementor-id=\"669\" class=\"elementor elementor-669\">\n\t\t\t\t<div class=\"elementor-element elementor-element-4cf607c e-flex e-con-boxed e-con e-parent\" data-id=\"4cf607c\" data-element_type=\"container\" data-settings=\"{&quot;background_background&quot;:&quot;classic&quot;}\">\n\t\t\t\t\t<div class=\"e-con-inner\">\n\t\t\t\t<div class=\"elementor-element elementor-element-00992e9 elementor-widget elementor-widget-heading\" data-id=\"00992e9\" data-element_type=\"widget\" data-widget_type=\"heading.default\">\n\t\t\t\t<div class=\"elementor-widget-container\">\n\t\t\t\t\t<h1 class=\"elementor-heading-title elementor-size-default\">Politika e Rimbursimit<\/h1>\t\t\t\t<\/div>\n\t\t\t\t<\/div>\n\t\t\t\t\t<\/div>\n\t\t\t\t<\/div>\n\t\t<div class=\"elementor-element elementor-element-04f876e e-flex e-con-boxed e-con e-parent\" data-id=\"04f876e\" data-element_type=\"container\">\n\t\t\t\t\t<div class=\"e-con-inner\">\n\t\t\t\t<div class=\"elementor-element elementor-element-044690e elementor-widget elementor-widget-text-editor\" data-id=\"044690e\" data-element_type=\"widget\" data-widget_type=\"text-editor.default\">\n\t\t\t\t<div class=\"elementor-widget-container\">\n\t\t\t\t\t\t\t\t\t<p>PropFirmPassNow ka nd\u00ebrtuar nj\u00eb reputacion t\u00eb fort\u00eb p\u00ebr ofrimin e sh\u00ebrbimeve t\u00eb shk\u00eblqyera dhe ne jemi t\u00eb p\u00ebrkushtuar p\u00ebr t\u00eb siguruar k\u00ebnaq\u00ebsin\u00eb e plot\u00eb t\u00eb klient\u00ebve. N\u00eb rast t\u00eb ndonj\u00eb keqkomunikimi ose p\u00ebrfundimi t\u00eb pasuksessh\u00ebm t\u00eb sfid\u00ebs, PropFirmPassNow u ofron klient\u00ebve tan\u00eb t\u00eb vler\u00ebsuar nj\u00eb rimbursim t\u00eb plot\u00eb. Vlen t\u00eb p\u00ebrmendet se koh\u00ebt e fundit kemi marr\u00eb vet\u00ebm dy k\u00ebrkesa p\u00ebr rimbursim, gj\u00eb q\u00eb thekson cil\u00ebsin\u00eb e jasht\u00ebzakonshme t\u00eb sh\u00ebrbimeve tona.<br \/>P\u00ebr m\u00eb tep\u00ebr, PropFirmPassNow ofron rip\u00ebrs\u00ebritje falas p\u00ebr klient\u00ebt q\u00eb kan\u00eb nevoj\u00eb p\u00ebr p\u00ebrpjekje shtes\u00eb p\u00ebr t\u00eb kaluar me sukses sfidat e tyre. Ne gjithashtu i vler\u00ebsojm\u00eb klient\u00ebt tan\u00eb t\u00eb p\u00ebrs\u00ebritur dhe u ofrojm\u00eb atyre nj\u00eb zbritje bujare, s\u00eb bashku me mund\u00ebsin\u00eb p\u00ebr t\u00eb paguar tarifat e sfid\u00ebs n\u00eb dy k\u00ebste t\u00eb lehta.<br \/>P\u00ebr m\u00eb tep\u00ebr, pas p\u00ebrfundimit me sukses t\u00eb sfid\u00ebs suaj me PropFirmPassNow, ne ofrojm\u00eb nj\u00eb sh\u00ebrbim opsional t\u00eb tregtimit t\u00eb llogarive q\u00eb funksionon n\u00eb baz\u00eb t\u00eb ndarjes s\u00eb fitimit, pa asnj\u00eb tarif\u00eb paraprake. Vet\u00ebm individ\u00ebt q\u00eb i kan\u00eb kaluar me sukses sfidat e tyre me PropFirmPassNow duhet t\u00eb paguajn\u00eb tarifat e sfid\u00ebs.<\/p>\t\t\t\t\t\t\t\t<\/div>\n\t\t\t\t<\/div>\n\t\t\t\t\t<\/div>\n\t\t\t\t<\/div>\n\t\t\t\t<\/div>","protected":false},"excerpt":{"rendered":"<p>Refund Policy PropFirmPassNow has built a strong reputation for delivering outstanding services, and we are dedicated to ensuring complete customer [&hellip;]<\/p>\n","protected":false},"author":1,"featured_media":0,"parent":0,"menu_order":0,"comment_status":"closed","ping_status":"closed","template":"","meta":{"om_disable_all_campaigns":false,"_monsterinsights_skip_tracking":false,"_monsterinsights_sitenote_active":false,"_monsterinsights_sitenote_note":"","_monsterinsights_sitenote_category":0,"site-sidebar-layout":"no-sidebar","site-content-layout":"","ast-site-content-layout":"full-width-container","site-content-style":"default","site-sidebar-style":"default","ast-global-header-display":"","ast-banner-title-visibility":"","ast-main-header-display":"","ast-hfb-above-header-display":"","ast-hfb-below-header-display":"","ast-hfb-mobile-header-display":"","site-post-title":"","ast-breadcrumbs-content":"","ast-featured-img":"disabled","footer-sml-layout":"","theme-transparent-header-meta":"","adv-header-id-meta":"","stick-header-meta":"","header-above-stick-meta":"","header-main-stick-meta":"","header-below-stick-meta":"","astra-migrate-meta-layouts":"default","ast-page-background-enabled":"default","ast-page-background-meta":{"desktop":{"background-color":"var(--ast-global-color-5)","background-image":"","background-repeat":"repeat","background-position":"center center","background-size":"auto","background-attachment":"scroll","background-type":"","background-media":"","overlay-type":"","overlay-color":"","overlay-opacity":"","overlay-gradient":""},"tablet":{"background-color":"","background-image":"","background-repeat":"repeat","background-position":"center center","background-size":"auto","background-attachment":"scroll","background-type":"","background-media":"","overlay-type":"","overlay-color":"","overlay-opacity":"","overlay-gradient":""},"mobile":{"background-color":"","background-image":"","background-repeat":"repeat","background-position":"center center","background-size":"auto","background-attachment":"scroll","background-type":"","background-media":"","overlay-type":"","overlay-color":"","overlay-opacity":"","overlay-gradient":""}},"ast-content-background-meta":{"desktop":{"background-color":"var(--ast-global-color-4)","background-image":"","background-repeat":"repeat","background-position":"center center","background-size":"auto","background-attachment":"scroll","background-type":"","background-media":"","overlay-type":"","overlay-color":"","overlay-opacity":"","overlay-gradient":""},"tablet":{"background-color":"var(--ast-global-color-4)","background-image":"","background-repeat":"repeat","background-position":"center center","background-size":"auto","background-attachment":"scroll","background-type":"","background-media":"","overlay-type":"","overlay-color":"","overlay-opacity":"","overlay-gradient":""},"mobile":{"background-color":"var(--ast-global-color-4)","background-image":"","background-repeat":"repeat","background-position":"center center","background-size":"auto","background-attachment":"scroll","background-type":"","background-media":"","overlay-type":"","overlay-color":"","overlay-opacity":"","overlay-gradient":""}},"_glsr_average":0,"_glsr_ranking":0,"_glsr_reviews":0,"footnotes":""},"class_list":["post-669","page","type-page","status-publish","hentry"],"_links":{"self":[{"href":"https:\/\/propfirmpassnow.com\/sq\/wp-json\/wp\/v2\/pages\/669","targetHints":{"allow":["GET"]}}],"collection":[{"href":"https:\/\/propfirmpassnow.com\/sq\/wp-json\/wp\/v2\/pages"}],"about":[{"href":"https:\/\/propfirmpassnow.com\/sq\/wp-json\/wp\/v2\/types\/page"}],"author":[{"embeddable":true,"href":"https:\/\/propfirmpassnow.com\/sq\/wp-json\/wp\/v2\/users\/1"}],"replies":[{"embeddable":true,"href":"https:\/\/propfirmpassnow.com\/sq\/wp-json\/wp\/v2\/comments?post=669"}],"version-history":[{"count":10,"href":"https:\/\/propfirmpassnow.com\/sq\/wp-json\/wp\/v2\/pages\/669\/revisions"}],"predecessor-version":[{"id":972,"href":"https:\/\/propfirmpassnow.com\/sq\/wp-json\/wp\/v2\/pages\/669\/revisions\/972"}],"wp:attachment":[{"href":"https:\/\/propfirmpassnow.com\/sq\/wp-json\/wp\/v2\/media?parent=669"}],"curies":[{"name":"wp","href":"https:\/\/api.w.org\/{rel}","templated":true}]}}